{"id":750,"date":"2021-11-23T20:20:55","date_gmt":"2021-11-23T18:20:55","guid":{"rendered":"https:\/\/lajabata.com\/home\/"},"modified":"2024-11-25T09:38:54","modified_gmt":"2024-11-25T07:38:54","slug":"home","status":"publish","type":"page","link":"https:\/\/lajabata.com\/ca\/","title":{"rendered":"Home"},"content":{"rendered":"\t\t<div data-elementor-type=\"wp-page\" data-elementor-id=\"750\" class=\"elementor elementor-750 elementor-444\" data-elementor-post-type=\"page\">\n\t\t\t\t<div class=\"elementor-element elementor-element-f8ed061 e-flex e-con-boxed e-con e-parent\" data-id=\"f8ed061\" data-element_type=\"container\">\n\t\t\t\t\t<div class=\"e-con-inner\">\n\t\t<div class=\"elementor-element elementor-element-fed91c0 e-con-full e-flex e-con e-child\" data-id=\"fed91c0\" data-element_type=\"container\" data-settings=\"{&quot;background_background&quot;:&quot;slideshow&quot;,&quot;background_slideshow_gallery&quot;:[{&quot;id&quot;:1606,&quot;url&quot;:&quot;https:\\\/\\\/lajabata.com\\\/wp-content\\\/uploads\\\/2024\\\/09\\\/115_lajabata_RafaelArocha.jpg&quot;},{&quot;id&quot;:1574,&quot;url&quot;:&quot;https:\\\/\\\/lajabata.com\\\/wp-content\\\/uploads\\\/2024\\\/09\\\/105_lajabata_RafaelArocha.jpg&quot;},{&quot;id&quot;:1638,&quot;url&quot;:&quot;https:\\\/\\\/lajabata.com\\\/wp-content\\\/uploads\\\/2024\\\/09\\\/143_lajabata_RafaelArocha.jpg&quot;},{&quot;id&quot;:1558,&quot;url&quot;:&quot;https:\\\/\\\/lajabata.com\\\/wp-content\\\/uploads\\\/2024\\\/09\\\/100_lajabata_RafaelArocha.jpg&quot;},{&quot;id&quot;:1654,&quot;url&quot;:&quot;https:\\\/\\\/lajabata.com\\\/wp-content\\\/uploads\\\/2024\\\/09\\\/152_lajabata_RafaelArocha.jpg&quot;},{&quot;id&quot;:1570,&quot;url&quot;:&quot;https:\\\/\\\/lajabata.com\\\/wp-content\\\/uploads\\\/2024\\\/09\\\/104_lajabata_RafaelArocha.jpg&quot;}],&quot;background_slideshow_slide_duration&quot;:4000,&quot;background_slideshow_loop&quot;:&quot;yes&quot;,&quot;background_slideshow_slide_transition&quot;:&quot;fade&quot;,&quot;background_slideshow_transition_duration&quot;:500}\">\n\t\t\t\t<\/div>\n\t\t<div class=\"elementor-element elementor-element-9064db9 e-flex e-con-boxed e-con e-child\" data-id=\"9064db9\" data-element_type=\"container\">\n\t\t\t\t\t<div class=\"e-con-inner\">\n\t\t\t\t<div class=\"elementor-element elementor-element-58f651b elementor-widget elementor-widget-heading\" data-id=\"58f651b\" data-element_type=\"widget\" data-widget_type=\"heading.default\">\n\t\t\t\t<div class=\"elementor-widget-container\">\n\t\t\t\t\t<h1 class=\"elementor-heading-title elementor-size-default\">LA JABATA<\/h1>\t\t\t\t<\/div>\n\t\t\t\t<\/div>\n\t\t\t\t<div class=\"elementor-element elementor-element-9184bfb elementor-headline--style-rotate elementor-widget elementor-widget-animated-headline\" data-id=\"9184bfb\" data-element_type=\"widget\" data-settings=\"{&quot;headline_style&quot;:&quot;rotate&quot;,&quot;animation_type&quot;:&quot;clip&quot;,&quot;rotating_text&quot;:&quot;MENJAR\\r\\nBEURE\\r\\nSOMRIURE&quot;,&quot;rotate_iteration_delay&quot;:2800,&quot;loop&quot;:&quot;yes&quot;}\" data-widget_type=\"animated-headline.default\">\n\t\t\t\t<div class=\"elementor-widget-container\">\n\t\t\t\t\t\t\t<h3 class=\"elementor-headline elementor-headline-animation-type-clip\">\n\t\t\t\t<span class=\"elementor-headline-dynamic-wrapper elementor-headline-text-wrapper\">\n\t\t\t\t\t<span class=\"elementor-headline-dynamic-text elementor-headline-text-active\">\n\t\t\t\tMENJAR\r\t\t\t<\/span>\n\t\t\t\t\t<span class=\"elementor-headline-dynamic-text\">\n\t\t\t\tBEURE\r\t\t\t<\/span>\n\t\t\t\t\t<span class=\"elementor-headline-dynamic-text\">\n\t\t\t\tSOMRIURE\t\t\t<\/span>\n\t\t\t\t\t\t<\/span>\n\t\t\t\t<\/h3>\n\t\t\t\t\t\t<\/div>\n\t\t\t\t<\/div>\n\t\t\t\t<div class=\"elementor-element elementor-element-aec6183 elementor-widget elementor-widget-heading\" data-id=\"aec6183\" data-element_type=\"widget\" data-widget_type=\"heading.default\">\n\t\t\t\t<div class=\"elementor-widget-container\">\n\t\t\t\t\t<h4 class=\"elementor-heading-title elementor-size-default\">ADRE\u00c7A<\/h4>\t\t\t\t<\/div>\n\t\t\t\t<\/div>\n\t\t\t\t<div class=\"elementor-element elementor-element-65bf83d elementor-widget elementor-widget-text-editor\" data-id=\"65bf83d\" data-element_type=\"widget\" data-widget_type=\"text-editor.default\">\n\t\t\t\t<div class=\"elementor-widget-container\">\n\t\t\t\t\t\t\t\t\t<p>Ronda Sant Pau, 15<br \/>\nBarcelona<\/p>\n\t\t\t\t\t\t\t\t<\/div>\n\t\t\t\t<\/div>\n\t\t\t\t<div class=\"elementor-element elementor-element-b558c2f elementor-widget elementor-widget-heading\" data-id=\"b558c2f\" data-element_type=\"widget\" data-widget_type=\"heading.default\">\n\t\t\t\t<div class=\"elementor-widget-container\">\n\t\t\t\t\t<h4 class=\"elementor-heading-title elementor-size-default\">CONTACE<\/h4>\t\t\t\t<\/div>\n\t\t\t\t<\/div>\n\t\t\t\t<div class=\"elementor-element elementor-element-b97080d elementor-tablet-align-center elementor-icon-list--layout-traditional elementor-list-item-link-full_width elementor-widget elementor-widget-icon-list\" data-id=\"b97080d\" data-element_type=\"widget\" data-widget_type=\"icon-list.default\">\n\t\t\t\t<div class=\"elementor-widget-container\">\n\t\t\t\t\t\t\t<ul class=\"elementor-icon-list-items\">\n\t\t\t\t\t\t\t<li class=\"elementor-icon-list-item\">\n\t\t\t\t\t\t\t\t\t\t\t<a href=\"tel:+34936837955\">\n\n\t\t\t\t\t\t\t\t\t\t\t\t<span class=\"elementor-icon-list-icon\">\n\t\t\t\t\t\t\t<i aria-hidden=\"true\" class=\"fas fa-phone-alt\"><\/i>\t\t\t\t\t\t<\/span>\n\t\t\t\t\t\t\t\t\t\t<span class=\"elementor-icon-list-text\">93 683 79 55<\/span>\n\t\t\t\t\t\t\t\t\t\t\t<\/a>\n\t\t\t\t\t\t\t\t\t<\/li>\n\t\t\t\t\t\t\t\t<li class=\"elementor-icon-list-item\">\n\t\t\t\t\t\t\t\t\t\t\t<a href=\"mailto:reservas@lajabata.com?subject=Reserva\">\n\n\t\t\t\t\t\t\t\t\t\t\t\t<span class=\"elementor-icon-list-icon\">\n\t\t\t\t\t\t\t<i aria-hidden=\"true\" class=\"far fa-envelope\"><\/i>\t\t\t\t\t\t<\/span>\n\t\t\t\t\t\t\t\t\t\t<span class=\"elementor-icon-list-text\">reservas@lajabata.com<\/span>\n\t\t\t\t\t\t\t\t\t\t\t<\/a>\n\t\t\t\t\t\t\t\t\t<\/li>\n\t\t\t\t\t\t<\/ul>\n\t\t\t\t\t\t<\/div>\n\t\t\t\t<\/div>\n\t\t\t\t\t<\/div>\n\t\t\t\t<\/div>\n\t\t\t\t\t<\/div>\n\t\t\t\t<\/div>\n\t\t<div class=\"elementor-element elementor-element-b15e4fc e-flex e-con-boxed e-con e-parent\" data-id=\"b15e4fc\" data-element_type=\"container\">\n\t\t\t\t\t<div class=\"e-con-inner\">\n\t\t<div class=\"elementor-element elementor-element-e683547 e-con-full e-flex e-con e-child\" data-id=\"e683547\" data-element_type=\"container\">\n\t\t\t\t<div class=\"elementor-element elementor-element-2915525 elementor-widget elementor-widget-heading\" data-id=\"2915525\" data-element_type=\"widget\" data-widget_type=\"heading.default\">\n\t\t\t\t<div class=\"elementor-widget-container\">\n\t\t\t\t\t<h2 class=\"elementor-heading-title elementor-size-default\">Sobre la Jabata<\/h2>\t\t\t\t<\/div>\n\t\t\t\t<\/div>\n\t\t\t\t<div class=\"elementor-element elementor-element-b326568 elementor-widget elementor-widget-text-editor\" data-id=\"b326568\" data-element_type=\"widget\" data-widget_type=\"text-editor.default\">\n\t\t\t\t<div class=\"elementor-widget-container\">\n\t\t\t\t\t\t\t\t\t<p>Al cor del Paral\u00b7lel i en un local emblem\u00e0tic de la ciutat comtal, neix La Jabata.<br \/>\nAntic G\u00e9minis i posterior Jabal\u00ed, van fer d&#8217;aquest espai un centre de reuni\u00f3 per als ve\u00efns de la zona i viatgers, que aqu\u00ed arribaven buscant els seus entrepans de pernil, alguns plats i compartir una taula.<\/p>\n<p>Ara \u00e9s torn de La Jabata. Hem volgut respectar l&#8217;ess\u00e8ncia fonamental dels nostres antecessors i fer-los un petit homenatge, fins i tot amb el nom. La nostra oferta \u00e9s molt variada i actual, sempre fent una ullada a la cuina tradicional i als cl\u00e0ssics de la zona i la ciutat.<\/p>\n<p>Bonica i cuidada terrassa, un cl\u00e0ssic d&#8217;aquesta part de l&#8217;Eixample. A l&#8217;interior hem respectat all\u00f2 que el local oferia, incl\u00f2s el seu preci\u00f3s altell des d&#8217;on podem observar el carrer i la barra degustant els nostres platets. La nostra carta busca el format &#8220;compartir&#8221; escapant una mica dels primers i segons plats, amb una oferta divertida i una mica canalla.<\/p>\n<p>Esperem estar a l&#8217;al\u00e7ada amb gran dedicaci\u00f3 i amor perqu\u00e8 fem.<\/p>\n<p>Recorda el nostre lema:<\/p>\n<p><strong>MENJAR <span style=\"color: #969044;\">\/\/<\/span> BEURE <span style=\"color: #969044;\">\/\/<\/span> SOMRIURE<\/strong><\/p>\n\t\t\t\t\t\t\t\t<\/div>\n\t\t\t\t<\/div>\n\t\t\t\t<\/div>\n\t\t<div class=\"elementor-element elementor-element-68f4c45 e-con-full e-flex e-con e-child\" data-id=\"68f4c45\" data-element_type=\"container\" data-settings=\"{&quot;background_background&quot;:&quot;classic&quot;}\">\n\t\t\t\t<\/div>\n\t\t\t\t\t<\/div>\n\t\t\t\t<\/div>\n\t\t<div class=\"elementor-element elementor-element-2e677db e-flex e-con-boxed e-con e-parent\" data-id=\"2e677db\" data-element_type=\"container\" data-settings=\"{&quot;background_background&quot;:&quot;classic&quot;}\">\n\t\t\t\t\t<div class=\"e-con-inner\">\n\t\t\t\t<div class=\"elementor-element elementor-element-be58aa2 elementor-cta--skin-cover elementor-cta--valign-bottom elementor-widget__width-initial elementor-bg-transform elementor-bg-transform-zoom-in elementor-widget elementor-widget-call-to-action\" data-id=\"be58aa2\" data-element_type=\"widget\" data-widget_type=\"call-to-action.default\">\n\t\t\t\t<div class=\"elementor-widget-container\">\n\t\t\t\t\t\t\t<a class=\"elementor-cta\" href=\"https:\/\/lajabata.com\/comida\/\">\n\t\t\t\t\t<div class=\"elementor-cta__bg-wrapper\">\n\t\t\t\t<div class=\"elementor-cta__bg elementor-bg\" style=\"background-image: url(https:\/\/lajabata.com\/wp-content\/uploads\/2024\/09\/165_lajabata_RafaelArocha.jpg);\" role=\"img\" aria-label=\"165_lajabata_RafaelArocha\"><\/div>\n\t\t\t\t<div class=\"elementor-cta__bg-overlay\"><\/div>\n\t\t\t<\/div>\n\t\t\t\t\t\t\t<div class=\"elementor-cta__content\">\n\t\t\t\t\n\t\t\t\t\t\t\t\t\t<h2 class=\"elementor-cta__title elementor-cta__content-item elementor-content-item\">\n\t\t\t\t\t\tEls nostres plats\t\t\t\t\t<\/h2>\n\t\t\t\t\n\t\t\t\t\n\t\t\t\t\t\t\t<\/div>\n\t\t\t\t\t\t<\/a>\n\t\t\t\t\t\t<\/div>\n\t\t\t\t<\/div>\n\t\t\t\t<div class=\"elementor-element elementor-element-605a908 elementor-cta--skin-cover elementor-cta--valign-bottom elementor-widget__width-initial elementor-bg-transform elementor-bg-transform-zoom-in elementor-widget elementor-widget-call-to-action\" data-id=\"605a908\" data-element_type=\"widget\" data-widget_type=\"call-to-action.default\">\n\t\t\t\t<div class=\"elementor-widget-container\">\n\t\t\t\t\t\t\t<a class=\"elementor-cta\" href=\"https:\/\/lajabata.com\/bebidas\/\">\n\t\t\t\t\t<div class=\"elementor-cta__bg-wrapper\">\n\t\t\t\t<div class=\"elementor-cta__bg elementor-bg\" style=\"background-image: url(https:\/\/lajabata.com\/wp-content\/uploads\/2024\/09\/157_lajabata_RafaelArocha.jpg);\" role=\"img\" aria-label=\"157_lajabata_RafaelArocha\"><\/div>\n\t\t\t\t<div class=\"elementor-cta__bg-overlay\"><\/div>\n\t\t\t<\/div>\n\t\t\t\t\t\t\t<div class=\"elementor-cta__content\">\n\t\t\t\t\n\t\t\t\t\t\t\t\t\t<h2 class=\"elementor-cta__title elementor-cta__content-item elementor-content-item\">\n\t\t\t\t\t\tEls nostres vins\t\t\t\t\t<\/h2>\n\t\t\t\t\n\t\t\t\t\n\t\t\t\t\t\t\t<\/div>\n\t\t\t\t\t\t<\/a>\n\t\t\t\t\t\t<\/div>\n\t\t\t\t<\/div>\n\t\t\t\t\t<\/div>\n\t\t\t\t<\/div>\n\t\t<div class=\"elementor-element elementor-element-f53047f e-flex e-con-boxed e-con e-parent\" data-id=\"f53047f\" data-element_type=\"container\">\n\t\t\t\t\t<div class=\"e-con-inner\">\n\t\t\t\t<div class=\"elementor-element elementor-element-8574ed4 elementor-widget__width-initial elementor-widget elementor-widget-google_maps\" data-id=\"8574ed4\" data-element_type=\"widget\" data-widget_type=\"google_maps.default\">\n\t\t\t\t<div class=\"elementor-widget-container\">\n\t\t\t\t\t\t\t<div class=\"elementor-custom-embed\">\n\t\t\t<iframe loading=\"lazy\"\n\t\t\t\t\tsrc=\"https:\/\/maps.google.com\/maps?q=Ronda%20Sant%20Pau%2C%2015%20barcelona&#038;t=m&#038;z=17&#038;output=embed&#038;iwloc=near\"\n\t\t\t\t\ttitle=\"Ronda Sant Pau, 15 barcelona\"\n\t\t\t\t\taria-label=\"Ronda Sant Pau, 15 barcelona\"\n\t\t\t><\/iframe>\n\t\t<\/div>\n\t\t\t\t\t\t<\/div>\n\t\t\t\t<\/div>\n\t\t<div class=\"elementor-element elementor-element-cd6a881 e-con-full e-flex e-con e-child\" data-id=\"cd6a881\" data-element_type=\"container\">\n\t\t\t\t<div class=\"elementor-element elementor-element-8eecb18 elementor-widget elementor-widget-heading\" data-id=\"8eecb18\" data-element_type=\"widget\" data-widget_type=\"heading.default\">\n\t\t\t\t<div class=\"elementor-widget-container\">\n\t\t\t\t\t<h2 class=\"elementor-heading-title elementor-size-default\">On som<\/h2>\t\t\t\t<\/div>\n\t\t\t\t<\/div>\n\t\t\t\t<div class=\"elementor-element elementor-element-23e1637 elementor-widget elementor-widget-text-editor\" data-id=\"23e1637\" data-element_type=\"widget\" data-widget_type=\"text-editor.default\">\n\t\t\t\t<div class=\"elementor-widget-container\">\n\t\t\t\t\t\t\t\t\t<p>Ens trobar\u00e0s al cor del Paral\u00b7lel, a prop dels seus teatres i sales de concerts. La parada de metro Paral\u00b7lel (L2 i L3) \u00e9s a 2 minuts.<\/p>\n\t\t\t\t\t\t\t\t<\/div>\n\t\t\t\t<\/div>\n\t\t\t\t<div class=\"elementor-element elementor-element-b1881d0 elementor-widget elementor-widget-heading\" data-id=\"b1881d0\" data-element_type=\"widget\" data-widget_type=\"heading.default\">\n\t\t\t\t<div class=\"elementor-widget-container\">\n\t\t\t\t\t<h4 class=\"elementor-heading-title elementor-size-default\">CONTACTE<\/h4>\t\t\t\t<\/div>\n\t\t\t\t<\/div>\n\t\t\t\t<div class=\"elementor-element elementor-element-32ad974 elementor-tablet-align-center elementor-icon-list--layout-traditional elementor-list-item-link-full_width elementor-widget elementor-widget-icon-list\" data-id=\"32ad974\" data-element_type=\"widget\" data-widget_type=\"icon-list.default\">\n\t\t\t\t<div class=\"elementor-widget-container\">\n\t\t\t\t\t\t\t<ul class=\"elementor-icon-list-items\">\n\t\t\t\t\t\t\t<li class=\"elementor-icon-list-item\">\n\t\t\t\t\t\t\t\t\t\t\t<span class=\"elementor-icon-list-icon\">\n\t\t\t\t\t\t\t<i aria-hidden=\"true\" class=\"fas fa-map-marker-alt\"><\/i>\t\t\t\t\t\t<\/span>\n\t\t\t\t\t\t\t\t\t\t<span class=\"elementor-icon-list-text\">Ronda Sant Pau, 15 Barcelona<\/span>\n\t\t\t\t\t\t\t\t\t<\/li>\n\t\t\t\t\t\t\t\t<li class=\"elementor-icon-list-item\">\n\t\t\t\t\t\t\t\t\t\t\t<a href=\"tel:+34936837955\">\n\n\t\t\t\t\t\t\t\t\t\t\t\t<span class=\"elementor-icon-list-icon\">\n\t\t\t\t\t\t\t<i aria-hidden=\"true\" class=\"fas fa-phone-alt\"><\/i>\t\t\t\t\t\t<\/span>\n\t\t\t\t\t\t\t\t\t\t<span class=\"elementor-icon-list-text\">93 683 79 55<\/span>\n\t\t\t\t\t\t\t\t\t\t\t<\/a>\n\t\t\t\t\t\t\t\t\t<\/li>\n\t\t\t\t\t\t\t\t<li class=\"elementor-icon-list-item\">\n\t\t\t\t\t\t\t\t\t\t\t<a href=\"mailto:reservas@lajabata.com?subject=Reserva\">\n\n\t\t\t\t\t\t\t\t\t\t\t\t<span class=\"elementor-icon-list-icon\">\n\t\t\t\t\t\t\t<i aria-hidden=\"true\" class=\"far fa-envelope\"><\/i>\t\t\t\t\t\t<\/span>\n\t\t\t\t\t\t\t\t\t\t<span class=\"elementor-icon-list-text\">reservas@lajabata.com<\/span>\n\t\t\t\t\t\t\t\t\t\t\t<\/a>\n\t\t\t\t\t\t\t\t\t<\/li>\n\t\t\t\t\t\t<\/ul>\n\t\t\t\t\t\t<\/div>\n\t\t\t\t<\/div>\n\t\t\t\t<div class=\"elementor-element elementor-element-9489307 elementor-widget elementor-widget-heading\" data-id=\"9489307\" data-element_type=\"widget\" data-widget_type=\"heading.default\">\n\t\t\t\t<div class=\"elementor-widget-container\">\n\t\t\t\t\t<h4 class=\"elementor-heading-title elementor-size-default\">HORARI<\/h4>\t\t\t\t<\/div>\n\t\t\t\t<\/div>\n\t\t\t\t<div class=\"elementor-element elementor-element-179dad1 elementor-tablet-align-center elementor-icon-list--layout-traditional elementor-list-item-link-full_width elementor-widget elementor-widget-icon-list\" data-id=\"179dad1\" data-element_type=\"widget\" data-widget_type=\"icon-list.default\">\n\t\t\t\t<div class=\"elementor-widget-container\">\n\t\t\t\t\t\t\t<ul class=\"elementor-icon-list-items\">\n\t\t\t\t\t\t\t<li class=\"elementor-icon-list-item\">\n\t\t\t\t\t\t\t\t\t\t<span class=\"elementor-icon-list-text\">Dimecres - Diumenge: <br\/>08:00h - 01:00h<\/span>\n\t\t\t\t\t\t\t\t\t<\/li>\n\t\t\t\t\t\t\t\t<li class=\"elementor-icon-list-item\">\n\t\t\t\t\t\t\t\t\t\t<span class=\"elementor-icon-list-text\">Dimarts: <br\/>16:00h - 01:00h<\/span>\n\t\t\t\t\t\t\t\t\t<\/li>\n\t\t\t\t\t\t\t\t<li class=\"elementor-icon-list-item\">\n\t\t\t\t\t\t\t\t\t\t<span class=\"elementor-icon-list-text\">Dilluns:<br\/> Cerrado<\/span>\n\t\t\t\t\t\t\t\t\t<\/li>\n\t\t\t\t\t\t<\/ul>\n\t\t\t\t\t\t<\/div>\n\t\t\t\t<\/div>\n\t\t\t\t<div class=\"elementor-element elementor-element-e3c140c elementor-align-left elementor-tablet-align-center elementor-mobile-align-left elementor-widget elementor-widget-button\" data-id=\"e3c140c\" data-element_type=\"widget\" data-widget_type=\"button.default\">\n\t\t\t\t<div class=\"elementor-widget-container\">\n\t\t\t\t\t\t\t\t\t<div class=\"elementor-button-wrapper\">\n\t\t\t\t\t<a class=\"elementor-button elementor-button-link elementor-size-sm\" href=\"https:\/\/lajabata.com\/ca\/reserves\/\">\n\t\t\t\t\t\t<span class=\"elementor-button-content-wrapper\">\n\t\t\t\t\t\t\t\t\t<span class=\"elementor-button-text\">Reservar taula<\/span>\n\t\t\t\t\t<\/span>\n\t\t\t\t\t<\/a>\n\t\t\t\t<\/div>\n\t\t\t\t\t\t\t\t<\/div>\n\t\t\t\t<\/div>\n\t\t\t\t<\/div>\n\t\t\t\t\t<\/div>\n\t\t\t\t<\/div>\n\t\t\t\t<\/div>\n\t\t","protected":false},"excerpt":{"rendered":"<p>LA JABATA MENJAR BEURE SOMRIURE ADRE\u00c7A Ronda Sant Pau, 15 Barcelona CONTACE 93 683 79 55 reservas@lajabata.com Sobre la Jabata Al cor del Paral\u00b7lel i en un local emblem\u00e0tic de la ciutat comtal, neix La Jabata. Antic G\u00e9minis i posterior Jabal\u00ed, van fer d&#8217;aquest espai un centre de reuni\u00f3 per als ve\u00efns de la zona [&hellip;]<\/p>\n","protected":false},"author":2,"featured_media":0,"parent":0,"menu_order":0,"comment_status":"closed","ping_status":"closed","template":"elementor_header_footer","meta":{"footnotes":""},"class_list":["post-750","page","type-page","status-publish","hentry"],"yoast_head":"<!-- This site is optimized with the Yoast SEO plugin v25.6 - https:\/\/yoast.com\/wordpress\/plugins\/seo\/ -->\n<title>Home - La Jabata<\/title>\n<meta name=\"robots\" content=\"index, follow, max-snippet:-1, max-image-preview:large, max-video-preview:-1\" \/>\n<link rel=\"canonical\" href=\"https:\/\/lajabata.com\/\" \/>\n<meta property=\"og:locale\" content=\"ca_ES\" \/>\n<meta property=\"og:type\" content=\"article\" \/>\n<meta property=\"og:title\" content=\"Home - La Jabata\" \/>\n<meta property=\"og:description\" content=\"LA JABATA MENJAR BEURE SOMRIURE ADRE\u00c7A Ronda Sant Pau, 15 Barcelona CONTACE 93 683 79 55 reservas@lajabata.com Sobre la Jabata Al cor del Paral\u00b7lel i en un local emblem\u00e0tic de la ciutat comtal, neix La Jabata. Antic G\u00e9minis i posterior Jabal\u00ed, van fer d&#8217;aquest espai un centre de reuni\u00f3 per als ve\u00efns de la zona [&hellip;]\" \/>\n<meta property=\"og:url\" content=\"https:\/\/lajabata.com\/\" \/>\n<meta property=\"og:site_name\" content=\"La Jabata\" \/>\n<meta property=\"article:modified_time\" content=\"2024-11-25T07:38:54+00:00\" \/>\n<meta name=\"twitter:card\" content=\"summary_large_image\" \/>\n<meta name=\"twitter:label1\" content=\"Temps estimat de lectura\" \/>\n\t<meta name=\"twitter:data1\" content=\"1 minut\" \/>\n<script type=\"application\/ld+json\" class=\"yoast-schema-graph\">{\"@context\":\"https:\/\/schema.org\",\"@graph\":[{\"@type\":\"WebPage\",\"@id\":\"https:\/\/lajabata.com\/\",\"url\":\"https:\/\/lajabata.com\/\",\"name\":\"Home - La Jabata\",\"isPartOf\":{\"@id\":\"https:\/\/lajabata.com\/#website\"},\"datePublished\":\"2021-11-23T18:20:55+00:00\",\"dateModified\":\"2024-11-25T07:38:54+00:00\",\"breadcrumb\":{\"@id\":\"https:\/\/lajabata.com\/#breadcrumb\"},\"inLanguage\":\"ca\",\"potentialAction\":[{\"@type\":\"ReadAction\",\"target\":[\"https:\/\/lajabata.com\/\"]}]},{\"@type\":\"BreadcrumbList\",\"@id\":\"https:\/\/lajabata.com\/#breadcrumb\",\"itemListElement\":[{\"@type\":\"ListItem\",\"position\":1,\"name\":\"Portada\",\"item\":\"https:\/\/lajabata.com\/\"},{\"@type\":\"ListItem\",\"position\":2,\"name\":\"Home\"}]},{\"@type\":\"WebSite\",\"@id\":\"https:\/\/lajabata.com\/#website\",\"url\":\"https:\/\/lajabata.com\/\",\"name\":\"La Jabata\",\"description\":\"\",\"publisher\":{\"@id\":\"https:\/\/lajabata.com\/#organization\"},\"potentialAction\":[{\"@type\":\"SearchAction\",\"target\":{\"@type\":\"EntryPoint\",\"urlTemplate\":\"https:\/\/lajabata.com\/?s={search_term_string}\"},\"query-input\":{\"@type\":\"PropertyValueSpecification\",\"valueRequired\":true,\"valueName\":\"search_term_string\"}}],\"inLanguage\":\"ca\"},{\"@type\":\"Organization\",\"@id\":\"https:\/\/lajabata.com\/#organization\",\"name\":\"La Jabata\",\"url\":\"https:\/\/lajabata.com\/\",\"logo\":{\"@type\":\"ImageObject\",\"inLanguage\":\"ca\",\"@id\":\"https:\/\/lajabata.com\/#\/schema\/logo\/image\/\",\"url\":\"https:\/\/lajabata.com\/wp-content\/uploads\/2021\/09\/la-jabata-logo_h.png\",\"contentUrl\":\"https:\/\/lajabata.com\/wp-content\/uploads\/2021\/09\/la-jabata-logo_h.png\",\"width\":1000,\"height\":252,\"caption\":\"La Jabata\"},\"image\":{\"@id\":\"https:\/\/lajabata.com\/#\/schema\/logo\/image\/\"},\"sameAs\":[\"https:\/\/www.instagram.com\/lajabatabcn\/\"]}]}<\/script>\n<!-- \/ Yoast SEO plugin. -->","yoast_head_json":{"title":"Home - La Jabata","robots":{"index":"index","follow":"follow","max-snippet":"max-snippet:-1","max-image-preview":"max-image-preview:large","max-video-preview":"max-video-preview:-1"},"canonical":"https:\/\/lajabata.com\/","og_locale":"ca_ES","og_type":"article","og_title":"Home - La Jabata","og_description":"LA JABATA MENJAR BEURE SOMRIURE ADRE\u00c7A Ronda Sant Pau, 15 Barcelona CONTACE 93 683 79 55 reservas@lajabata.com Sobre la Jabata Al cor del Paral\u00b7lel i en un local emblem\u00e0tic de la ciutat comtal, neix La Jabata. Antic G\u00e9minis i posterior Jabal\u00ed, van fer d&#8217;aquest espai un centre de reuni\u00f3 per als ve\u00efns de la zona [&hellip;]","og_url":"https:\/\/lajabata.com\/","og_site_name":"La Jabata","article_modified_time":"2024-11-25T07:38:54+00:00","twitter_card":"summary_large_image","twitter_misc":{"Temps estimat de lectura":"1 minut"},"schema":{"@context":"https:\/\/schema.org","@graph":[{"@type":"WebPage","@id":"https:\/\/lajabata.com\/","url":"https:\/\/lajabata.com\/","name":"Home - La Jabata","isPartOf":{"@id":"https:\/\/lajabata.com\/#website"},"datePublished":"2021-11-23T18:20:55+00:00","dateModified":"2024-11-25T07:38:54+00:00","breadcrumb":{"@id":"https:\/\/lajabata.com\/#breadcrumb"},"inLanguage":"ca","potentialAction":[{"@type":"ReadAction","target":["https:\/\/lajabata.com\/"]}]},{"@type":"BreadcrumbList","@id":"https:\/\/lajabata.com\/#breadcrumb","itemListElement":[{"@type":"ListItem","position":1,"name":"Portada","item":"https:\/\/lajabata.com\/"},{"@type":"ListItem","position":2,"name":"Home"}]},{"@type":"WebSite","@id":"https:\/\/lajabata.com\/#website","url":"https:\/\/lajabata.com\/","name":"La Jabata","description":"","publisher":{"@id":"https:\/\/lajabata.com\/#organization"},"potentialAction":[{"@type":"SearchAction","target":{"@type":"EntryPoint","urlTemplate":"https:\/\/lajabata.com\/?s={search_term_string}"},"query-input":{"@type":"PropertyValueSpecification","valueRequired":true,"valueName":"search_term_string"}}],"inLanguage":"ca"},{"@type":"Organization","@id":"https:\/\/lajabata.com\/#organization","name":"La Jabata","url":"https:\/\/lajabata.com\/","logo":{"@type":"ImageObject","inLanguage":"ca","@id":"https:\/\/lajabata.com\/#\/schema\/logo\/image\/","url":"https:\/\/lajabata.com\/wp-content\/uploads\/2021\/09\/la-jabata-logo_h.png","contentUrl":"https:\/\/lajabata.com\/wp-content\/uploads\/2021\/09\/la-jabata-logo_h.png","width":1000,"height":252,"caption":"La Jabata"},"image":{"@id":"https:\/\/lajabata.com\/#\/schema\/logo\/image\/"},"sameAs":["https:\/\/www.instagram.com\/lajabatabcn\/"]}]}},"_links":{"self":[{"href":"https:\/\/lajabata.com\/ca\/wp-json\/wp\/v2\/pages\/750","targetHints":{"allow":["GET"]}}],"collection":[{"href":"https:\/\/lajabata.com\/ca\/wp-json\/wp\/v2\/pages"}],"about":[{"href":"https:\/\/lajabata.com\/ca\/wp-json\/wp\/v2\/types\/page"}],"author":[{"embeddable":true,"href":"https:\/\/lajabata.com\/ca\/wp-json\/wp\/v2\/users\/2"}],"replies":[{"embeddable":true,"href":"https:\/\/lajabata.com\/ca\/wp-json\/wp\/v2\/comments?post=750"}],"version-history":[{"count":22,"href":"https:\/\/lajabata.com\/ca\/wp-json\/wp\/v2\/pages\/750\/revisions"}],"predecessor-version":[{"id":1775,"href":"https:\/\/lajabata.com\/ca\/wp-json\/wp\/v2\/pages\/750\/revisions\/1775"}],"wp:attachment":[{"href":"https:\/\/lajabata.com\/ca\/wp-json\/wp\/v2\/media?parent=750"}],"curies":[{"name":"wp","href":"https:\/\/api.w.org\/{rel}","templated":true}]}}