{"id":1293,"date":"2022-05-02T11:16:11","date_gmt":"2022-05-02T09:16:11","guid":{"rendered":"https:\/\/lajabata.com\/home\/"},"modified":"2024-11-25T09:38:54","modified_gmt":"2024-11-25T07:38:54","slug":"home","status":"publish","type":"page","link":"https:\/\/lajabata.com\/fr\/","title":{"rendered":"Home"},"content":{"rendered":"\t\t<div data-elementor-type=\"wp-page\" data-elementor-id=\"1293\" class=\"elementor elementor-1293 elementor-444\" data-elementor-post-type=\"page\">\n\t\t\t\t<div class=\"elementor-element elementor-element-f8ed061 e-flex e-con-boxed e-con e-parent\" data-id=\"f8ed061\" data-element_type=\"container\">\n\t\t\t\t\t<div class=\"e-con-inner\">\n\t\t<div class=\"elementor-element elementor-element-fed91c0 e-con-full e-flex e-con e-child\" data-id=\"fed91c0\" data-element_type=\"container\" data-settings=\"{&quot;background_background&quot;:&quot;slideshow&quot;,&quot;background_slideshow_gallery&quot;:[{&quot;id&quot;:1606,&quot;url&quot;:&quot;https:\\\/\\\/lajabata.com\\\/wp-content\\\/uploads\\\/2024\\\/09\\\/115_lajabata_RafaelArocha.jpg&quot;},{&quot;id&quot;:1574,&quot;url&quot;:&quot;https:\\\/\\\/lajabata.com\\\/wp-content\\\/uploads\\\/2024\\\/09\\\/105_lajabata_RafaelArocha.jpg&quot;},{&quot;id&quot;:1638,&quot;url&quot;:&quot;https:\\\/\\\/lajabata.com\\\/wp-content\\\/uploads\\\/2024\\\/09\\\/143_lajabata_RafaelArocha.jpg&quot;},{&quot;id&quot;:1558,&quot;url&quot;:&quot;https:\\\/\\\/lajabata.com\\\/wp-content\\\/uploads\\\/2024\\\/09\\\/100_lajabata_RafaelArocha.jpg&quot;},{&quot;id&quot;:1654,&quot;url&quot;:&quot;https:\\\/\\\/lajabata.com\\\/wp-content\\\/uploads\\\/2024\\\/09\\\/152_lajabata_RafaelArocha.jpg&quot;},{&quot;id&quot;:1570,&quot;url&quot;:&quot;https:\\\/\\\/lajabata.com\\\/wp-content\\\/uploads\\\/2024\\\/09\\\/104_lajabata_RafaelArocha.jpg&quot;}],&quot;background_slideshow_slide_duration&quot;:4000,&quot;background_slideshow_loop&quot;:&quot;yes&quot;,&quot;background_slideshow_slide_transition&quot;:&quot;fade&quot;,&quot;background_slideshow_transition_duration&quot;:500}\">\n\t\t\t\t<\/div>\n\t\t<div class=\"elementor-element elementor-element-9064db9 e-flex e-con-boxed e-con e-child\" data-id=\"9064db9\" data-element_type=\"container\">\n\t\t\t\t\t<div class=\"e-con-inner\">\n\t\t\t\t<div class=\"elementor-element elementor-element-58f651b elementor-widget elementor-widget-heading\" data-id=\"58f651b\" data-element_type=\"widget\" data-widget_type=\"heading.default\">\n\t\t\t\t<div class=\"elementor-widget-container\">\n\t\t\t\t\t<h1 class=\"elementor-heading-title elementor-size-default\">LA JABATA<\/h1>\t\t\t\t<\/div>\n\t\t\t\t<\/div>\n\t\t\t\t<div class=\"elementor-element elementor-element-9184bfb elementor-headline--style-rotate elementor-widget elementor-widget-animated-headline\" data-id=\"9184bfb\" data-element_type=\"widget\" data-settings=\"{&quot;headline_style&quot;:&quot;rotate&quot;,&quot;animation_type&quot;:&quot;clip&quot;,&quot;rotating_text&quot;:&quot;MANGER\\r\\nBOIRE\\r\\nSOURIRE&quot;,&quot;rotate_iteration_delay&quot;:2800,&quot;loop&quot;:&quot;yes&quot;}\" data-widget_type=\"animated-headline.default\">\n\t\t\t\t<div class=\"elementor-widget-container\">\n\t\t\t\t\t\t\t<h3 class=\"elementor-headline elementor-headline-animation-type-clip\">\n\t\t\t\t<span class=\"elementor-headline-dynamic-wrapper elementor-headline-text-wrapper\">\n\t\t\t\t\t<span class=\"elementor-headline-dynamic-text elementor-headline-text-active\">\n\t\t\t\tMANGER\r\t\t\t<\/span>\n\t\t\t\t\t<span class=\"elementor-headline-dynamic-text\">\n\t\t\t\tBOIRE\r\t\t\t<\/span>\n\t\t\t\t\t<span class=\"elementor-headline-dynamic-text\">\n\t\t\t\tSOURIRE\t\t\t<\/span>\n\t\t\t\t\t\t<\/span>\n\t\t\t\t<\/h3>\n\t\t\t\t\t\t<\/div>\n\t\t\t\t<\/div>\n\t\t\t\t<div class=\"elementor-element elementor-element-aec6183 elementor-widget elementor-widget-heading\" data-id=\"aec6183\" data-element_type=\"widget\" data-widget_type=\"heading.default\">\n\t\t\t\t<div class=\"elementor-widget-container\">\n\t\t\t\t\t<h4 class=\"elementor-heading-title elementor-size-default\">ADRESSE<\/h4>\t\t\t\t<\/div>\n\t\t\t\t<\/div>\n\t\t\t\t<div class=\"elementor-element elementor-element-65bf83d elementor-widget elementor-widget-text-editor\" data-id=\"65bf83d\" data-element_type=\"widget\" data-widget_type=\"text-editor.default\">\n\t\t\t\t<div class=\"elementor-widget-container\">\n\t\t\t\t\t\t\t\t\t<p>Ronda Sant Pau, 15<br \/>Barcelona<\/p>\n\t\t\t\t\t\t\t\t<\/div>\n\t\t\t\t<\/div>\n\t\t\t\t<div class=\"elementor-element elementor-element-b558c2f elementor-widget elementor-widget-heading\" data-id=\"b558c2f\" data-element_type=\"widget\" data-widget_type=\"heading.default\">\n\t\t\t\t<div class=\"elementor-widget-container\">\n\t\t\t\t\t<h4 class=\"elementor-heading-title elementor-size-default\">CONTACT<\/h4>\t\t\t\t<\/div>\n\t\t\t\t<\/div>\n\t\t\t\t<div class=\"elementor-element elementor-element-b97080d elementor-tablet-align-center elementor-icon-list--layout-traditional elementor-list-item-link-full_width elementor-widget elementor-widget-icon-list\" data-id=\"b97080d\" data-element_type=\"widget\" data-widget_type=\"icon-list.default\">\n\t\t\t\t<div class=\"elementor-widget-container\">\n\t\t\t\t\t\t\t<ul class=\"elementor-icon-list-items\">\n\t\t\t\t\t\t\t<li class=\"elementor-icon-list-item\">\n\t\t\t\t\t\t\t\t\t\t\t<a href=\"tel:+34936837955\">\n\n\t\t\t\t\t\t\t\t\t\t\t\t<span class=\"elementor-icon-list-icon\">\n\t\t\t\t\t\t\t<i aria-hidden=\"true\" class=\"fas fa-phone-alt\"><\/i>\t\t\t\t\t\t<\/span>\n\t\t\t\t\t\t\t\t\t\t<span class=\"elementor-icon-list-text\">93 683 79 55<\/span>\n\t\t\t\t\t\t\t\t\t\t\t<\/a>\n\t\t\t\t\t\t\t\t\t<\/li>\n\t\t\t\t\t\t\t\t<li class=\"elementor-icon-list-item\">\n\t\t\t\t\t\t\t\t\t\t\t<a href=\"mailto:reservas@lajabata.com?subject=Reserva\">\n\n\t\t\t\t\t\t\t\t\t\t\t\t<span class=\"elementor-icon-list-icon\">\n\t\t\t\t\t\t\t<i aria-hidden=\"true\" class=\"far fa-envelope\"><\/i>\t\t\t\t\t\t<\/span>\n\t\t\t\t\t\t\t\t\t\t<span class=\"elementor-icon-list-text\">reservas@lajabata.com<\/span>\n\t\t\t\t\t\t\t\t\t\t\t<\/a>\n\t\t\t\t\t\t\t\t\t<\/li>\n\t\t\t\t\t\t<\/ul>\n\t\t\t\t\t\t<\/div>\n\t\t\t\t<\/div>\n\t\t\t\t\t<\/div>\n\t\t\t\t<\/div>\n\t\t\t\t\t<\/div>\n\t\t\t\t<\/div>\n\t\t<div class=\"elementor-element elementor-element-b15e4fc e-flex e-con-boxed e-con e-parent\" data-id=\"b15e4fc\" data-element_type=\"container\">\n\t\t\t\t\t<div class=\"e-con-inner\">\n\t\t<div class=\"elementor-element elementor-element-e683547 e-con-full e-flex e-con e-child\" data-id=\"e683547\" data-element_type=\"container\">\n\t\t\t\t<div class=\"elementor-element elementor-element-2915525 elementor-widget elementor-widget-heading\" data-id=\"2915525\" data-element_type=\"widget\" data-widget_type=\"heading.default\">\n\t\t\t\t<div class=\"elementor-widget-container\">\n\t\t\t\t\t<h2 class=\"elementor-heading-title elementor-size-default\">\u00c0 propos de la Jabata<\/h2>\t\t\t\t<\/div>\n\t\t\t\t<\/div>\n\t\t\t\t<div class=\"elementor-element elementor-element-b326568 elementor-widget elementor-widget-text-editor\" data-id=\"b326568\" data-element_type=\"widget\" data-widget_type=\"text-editor.default\">\n\t\t\t\t<div class=\"elementor-widget-container\">\n\t\t\t\t\t\t\t\t\t<p>La Jabata est n\u00e9e au c\u0153ur de Paral-lel, dans un lieu embl\u00e9matique de Barcelone.<br \/>\nAnciennement G\u00e9minis, puis Jabal\u00ed, cet espace est devenu un lieu de rencontre pour les habitants et les voyageurs, qui venaient y chercher leurs sandwichs au jambon, quelques plats et partager une table.<\/p>\n<p>Aujourd&rsquo;hui, c&rsquo;est au tour de La Jabata. Nous avons voulu respecter l&rsquo;essence fondamentale de nos pr\u00e9d\u00e9cesseurs et leur rendre un petit hommage, m\u00eame avec le nom. Notre offre est tr\u00e8s vari\u00e9e et moderne, avec toujours un regard sur la cuisine traditionnelle et les classiques de la r\u00e9gion et de la ville.<\/p>\n<p>Terrasse agr\u00e9able et soign\u00e9e, un classique dans cette partie de l&rsquo;Eixample. \u00c0 l&rsquo;int\u00e9rieur, nous avons respect\u00e9 ce que le restaurant avait \u00e0 offrir, y compris sa belle mezzanine d&rsquo;o\u00f9 l&rsquo;on peut observer la rue et le bar tout en d\u00e9gustant nos plats. Notre menu cherche le format \u00ab partage \u00bb, s&rsquo;\u00e9chappant un peu des entr\u00e9es et des plats, avec une offre amusante et un peu rocambolesque.<\/p>\n<p>Nous esp\u00e9rons \u00eatre \u00e0 la hauteur avec beaucoup de d\u00e9vouement et d&rsquo;amour pour ce que nous faisons.<\/p>\n<p>N&rsquo;oubliez pas notre devise :<\/p>\n<p><strong>MANGER <span style=\"color: #969044;\">\/\/<\/span> BOIRE <span style=\"color: #969044;\">\/\/<\/span> SOURIRE<\/strong><\/p>\n\t\t\t\t\t\t\t\t<\/div>\n\t\t\t\t<\/div>\n\t\t\t\t<\/div>\n\t\t<div class=\"elementor-element elementor-element-68f4c45 e-con-full e-flex e-con e-child\" data-id=\"68f4c45\" data-element_type=\"container\" data-settings=\"{&quot;background_background&quot;:&quot;classic&quot;}\">\n\t\t\t\t<\/div>\n\t\t\t\t\t<\/div>\n\t\t\t\t<\/div>\n\t\t<div class=\"elementor-element elementor-element-2e677db e-flex e-con-boxed e-con e-parent\" data-id=\"2e677db\" data-element_type=\"container\" data-settings=\"{&quot;background_background&quot;:&quot;classic&quot;}\">\n\t\t\t\t\t<div class=\"e-con-inner\">\n\t\t\t\t<div class=\"elementor-element elementor-element-be58aa2 elementor-cta--skin-cover elementor-cta--valign-bottom elementor-widget__width-initial elementor-bg-transform elementor-bg-transform-zoom-in elementor-widget elementor-widget-call-to-action\" data-id=\"be58aa2\" data-element_type=\"widget\" data-widget_type=\"call-to-action.default\">\n\t\t\t\t<div class=\"elementor-widget-container\">\n\t\t\t\t\t\t\t<a class=\"elementor-cta\" href=\"https:\/\/lajabata.com\/comida\/\">\n\t\t\t\t\t<div class=\"elementor-cta__bg-wrapper\">\n\t\t\t\t<div class=\"elementor-cta__bg elementor-bg\" style=\"background-image: url(https:\/\/lajabata.com\/wp-content\/uploads\/2024\/09\/165_lajabata_RafaelArocha.jpg);\" role=\"img\" aria-label=\"165_lajabata_RafaelArocha\"><\/div>\n\t\t\t\t<div class=\"elementor-cta__bg-overlay\"><\/div>\n\t\t\t<\/div>\n\t\t\t\t\t\t\t<div class=\"elementor-cta__content\">\n\t\t\t\t\n\t\t\t\t\t\t\t\t\t<h2 class=\"elementor-cta__title elementor-cta__content-item elementor-content-item\">\n\t\t\t\t\t\tNos plats \t\t\t\t\t<\/h2>\n\t\t\t\t\n\t\t\t\t\n\t\t\t\t\t\t\t<\/div>\n\t\t\t\t\t\t<\/a>\n\t\t\t\t\t\t<\/div>\n\t\t\t\t<\/div>\n\t\t\t\t<div class=\"elementor-element elementor-element-605a908 elementor-cta--skin-cover elementor-cta--valign-bottom elementor-widget__width-initial elementor-bg-transform elementor-bg-transform-zoom-in elementor-widget elementor-widget-call-to-action\" data-id=\"605a908\" data-element_type=\"widget\" data-widget_type=\"call-to-action.default\">\n\t\t\t\t<div class=\"elementor-widget-container\">\n\t\t\t\t\t\t\t<a class=\"elementor-cta\" href=\"https:\/\/lajabata.com\/bebidas\/\">\n\t\t\t\t\t<div class=\"elementor-cta__bg-wrapper\">\n\t\t\t\t<div class=\"elementor-cta__bg elementor-bg\" style=\"background-image: url(https:\/\/lajabata.com\/wp-content\/uploads\/2024\/09\/157_lajabata_RafaelArocha.jpg);\" role=\"img\" aria-label=\"157_lajabata_RafaelArocha\"><\/div>\n\t\t\t\t<div class=\"elementor-cta__bg-overlay\"><\/div>\n\t\t\t<\/div>\n\t\t\t\t\t\t\t<div class=\"elementor-cta__content\">\n\t\t\t\t\n\t\t\t\t\t\t\t\t\t<h2 class=\"elementor-cta__title elementor-cta__content-item elementor-content-item\">\n\t\t\t\t\t\tNos vins\t\t\t\t\t<\/h2>\n\t\t\t\t\n\t\t\t\t\n\t\t\t\t\t\t\t<\/div>\n\t\t\t\t\t\t<\/a>\n\t\t\t\t\t\t<\/div>\n\t\t\t\t<\/div>\n\t\t\t\t\t<\/div>\n\t\t\t\t<\/div>\n\t\t<div class=\"elementor-element elementor-element-f53047f e-flex e-con-boxed e-con e-parent\" data-id=\"f53047f\" data-element_type=\"container\">\n\t\t\t\t\t<div class=\"e-con-inner\">\n\t\t\t\t<div class=\"elementor-element elementor-element-8574ed4 elementor-widget__width-initial elementor-widget elementor-widget-google_maps\" data-id=\"8574ed4\" data-element_type=\"widget\" data-widget_type=\"google_maps.default\">\n\t\t\t\t<div class=\"elementor-widget-container\">\n\t\t\t\t\t\t\t<div class=\"elementor-custom-embed\">\n\t\t\t<iframe loading=\"lazy\"\n\t\t\t\t\tsrc=\"https:\/\/maps.google.com\/maps?q=Ronda%20Sant%20Pau%2C%2015%20barcelona&#038;t=m&#038;z=17&#038;output=embed&#038;iwloc=near\"\n\t\t\t\t\ttitle=\"Ronda Sant Pau, 15 barcelona\"\n\t\t\t\t\taria-label=\"Ronda Sant Pau, 15 barcelona\"\n\t\t\t><\/iframe>\n\t\t<\/div>\n\t\t\t\t\t\t<\/div>\n\t\t\t\t<\/div>\n\t\t<div class=\"elementor-element elementor-element-cd6a881 e-con-full e-flex e-con e-child\" data-id=\"cd6a881\" data-element_type=\"container\">\n\t\t\t\t<div class=\"elementor-element elementor-element-8eecb18 elementor-widget elementor-widget-heading\" data-id=\"8eecb18\" data-element_type=\"widget\" data-widget_type=\"heading.default\">\n\t\t\t\t<div class=\"elementor-widget-container\">\n\t\t\t\t\t<h2 class=\"elementor-heading-title elementor-size-default\">O\u00f9 nous sommes<\/h2>\t\t\t\t<\/div>\n\t\t\t\t<\/div>\n\t\t\t\t<div class=\"elementor-element elementor-element-23e1637 elementor-widget elementor-widget-text-editor\" data-id=\"23e1637\" data-element_type=\"widget\" data-widget_type=\"text-editor.default\">\n\t\t\t\t<div class=\"elementor-widget-container\">\n\t\t\t\t\t\t\t\t\t<p>Vous nous trouverez au c\u0153ur de Paral\u00b7lel, \u00e0 proximit\u00e9 de ses th\u00e9\u00e2tres et de ses salles de concert. La station de m\u00e9tro Paral\u00b7lel (L2 et L3) est \u00e0 2 minutes.<\/p>\n\t\t\t\t\t\t\t\t<\/div>\n\t\t\t\t<\/div>\n\t\t\t\t<div class=\"elementor-element elementor-element-b1881d0 elementor-widget elementor-widget-heading\" data-id=\"b1881d0\" data-element_type=\"widget\" data-widget_type=\"heading.default\">\n\t\t\t\t<div class=\"elementor-widget-container\">\n\t\t\t\t\t<h4 class=\"elementor-heading-title elementor-size-default\">CONTACT<\/h4>\t\t\t\t<\/div>\n\t\t\t\t<\/div>\n\t\t\t\t<div class=\"elementor-element elementor-element-32ad974 elementor-tablet-align-center elementor-icon-list--layout-traditional elementor-list-item-link-full_width elementor-widget elementor-widget-icon-list\" data-id=\"32ad974\" data-element_type=\"widget\" data-widget_type=\"icon-list.default\">\n\t\t\t\t<div class=\"elementor-widget-container\">\n\t\t\t\t\t\t\t<ul class=\"elementor-icon-list-items\">\n\t\t\t\t\t\t\t<li class=\"elementor-icon-list-item\">\n\t\t\t\t\t\t\t\t\t\t\t<span class=\"elementor-icon-list-icon\">\n\t\t\t\t\t\t\t<i aria-hidden=\"true\" class=\"fas fa-map-marker-alt\"><\/i>\t\t\t\t\t\t<\/span>\n\t\t\t\t\t\t\t\t\t\t<span class=\"elementor-icon-list-text\">Ronda Sant Pau, 15 Barcelona<\/span>\n\t\t\t\t\t\t\t\t\t<\/li>\n\t\t\t\t\t\t\t\t<li class=\"elementor-icon-list-item\">\n\t\t\t\t\t\t\t\t\t\t\t<a href=\"tel:+34936837955\">\n\n\t\t\t\t\t\t\t\t\t\t\t\t<span class=\"elementor-icon-list-icon\">\n\t\t\t\t\t\t\t<i aria-hidden=\"true\" class=\"fas fa-phone-alt\"><\/i>\t\t\t\t\t\t<\/span>\n\t\t\t\t\t\t\t\t\t\t<span class=\"elementor-icon-list-text\">93 683 79 55<\/span>\n\t\t\t\t\t\t\t\t\t\t\t<\/a>\n\t\t\t\t\t\t\t\t\t<\/li>\n\t\t\t\t\t\t\t\t<li class=\"elementor-icon-list-item\">\n\t\t\t\t\t\t\t\t\t\t\t<a href=\"mailto:reservas@lajabata.com?subject=Reserva\">\n\n\t\t\t\t\t\t\t\t\t\t\t\t<span class=\"elementor-icon-list-icon\">\n\t\t\t\t\t\t\t<i aria-hidden=\"true\" class=\"far fa-envelope\"><\/i>\t\t\t\t\t\t<\/span>\n\t\t\t\t\t\t\t\t\t\t<span class=\"elementor-icon-list-text\">reservas@lajabata.com<\/span>\n\t\t\t\t\t\t\t\t\t\t\t<\/a>\n\t\t\t\t\t\t\t\t\t<\/li>\n\t\t\t\t\t\t<\/ul>\n\t\t\t\t\t\t<\/div>\n\t\t\t\t<\/div>\n\t\t\t\t<div class=\"elementor-element elementor-element-9489307 elementor-widget elementor-widget-heading\" data-id=\"9489307\" data-element_type=\"widget\" data-widget_type=\"heading.default\">\n\t\t\t\t<div class=\"elementor-widget-container\">\n\t\t\t\t\t<h4 class=\"elementor-heading-title elementor-size-default\">HORAIRE<\/h4>\t\t\t\t<\/div>\n\t\t\t\t<\/div>\n\t\t\t\t<div class=\"elementor-element elementor-element-179dad1 elementor-tablet-align-center elementor-icon-list--layout-traditional elementor-list-item-link-full_width elementor-widget elementor-widget-icon-list\" data-id=\"179dad1\" data-element_type=\"widget\" data-widget_type=\"icon-list.default\">\n\t\t\t\t<div class=\"elementor-widget-container\">\n\t\t\t\t\t\t\t<ul class=\"elementor-icon-list-items\">\n\t\t\t\t\t\t\t<li class=\"elementor-icon-list-item\">\n\t\t\t\t\t\t\t\t\t\t<span class=\"elementor-icon-list-text\">Du mercredi au dimanche: <br\/>08:00h - 01:00h<\/span>\n\t\t\t\t\t\t\t\t\t<\/li>\n\t\t\t\t\t\t\t\t<li class=\"elementor-icon-list-item\">\n\t\t\t\t\t\t\t\t\t\t<span class=\"elementor-icon-list-text\">Mardi: <br\/>16:00h - 01:00h<\/span>\n\t\t\t\t\t\t\t\t\t<\/li>\n\t\t\t\t\t\t\t\t<li class=\"elementor-icon-list-item\">\n\t\t\t\t\t\t\t\t\t\t<span class=\"elementor-icon-list-text\">Lundi:<br\/> Cerrado<\/span>\n\t\t\t\t\t\t\t\t\t<\/li>\n\t\t\t\t\t\t<\/ul>\n\t\t\t\t\t\t<\/div>\n\t\t\t\t<\/div>\n\t\t\t\t<div class=\"elementor-element elementor-element-e3c140c elementor-align-left elementor-tablet-align-center elementor-mobile-align-left elementor-widget elementor-widget-button\" data-id=\"e3c140c\" data-element_type=\"widget\" data-widget_type=\"button.default\">\n\t\t\t\t<div class=\"elementor-widget-container\">\n\t\t\t\t\t\t\t\t\t<div class=\"elementor-button-wrapper\">\n\t\t\t\t\t<a class=\"elementor-button elementor-button-link elementor-size-sm\" href=\"https:\/\/lajabata.com\/fr\/reservations\/\">\n\t\t\t\t\t\t<span class=\"elementor-button-content-wrapper\">\n\t\t\t\t\t\t\t\t\t<span class=\"elementor-button-text\">R\u00e9server une table<\/span>\n\t\t\t\t\t<\/span>\n\t\t\t\t\t<\/a>\n\t\t\t\t<\/div>\n\t\t\t\t\t\t\t\t<\/div>\n\t\t\t\t<\/div>\n\t\t\t\t<\/div>\n\t\t\t\t\t<\/div>\n\t\t\t\t<\/div>\n\t\t\t\t<\/div>\n\t\t","protected":false},"excerpt":{"rendered":"<p>LA JABATA MANGER BOIRE SOURIRE ADRESSE Ronda Sant Pau, 15Barcelona CONTACT 93 683 79 55 reservas@lajabata.com \u00c0 propos de la Jabata La Jabata est n\u00e9e au c\u0153ur de Paral-lel, dans un lieu embl\u00e9matique de Barcelone. Anciennement G\u00e9minis, puis Jabal\u00ed, cet espace est devenu un lieu de rencontre pour les habitants et les voyageurs, qui venaient [&hellip;]<\/p>\n","protected":false},"author":2,"featured_media":0,"parent":0,"menu_order":0,"comment_status":"closed","ping_status":"closed","template":"elementor_header_footer","meta":{"footnotes":""},"class_list":["post-1293","page","type-page","status-publish","hentry"],"yoast_head":"<!-- This site is optimized with the Yoast SEO plugin v25.6 - https:\/\/yoast.com\/wordpress\/plugins\/seo\/ -->\n<title>Home - La Jabata<\/title>\n<meta name=\"robots\" content=\"index, follow, max-snippet:-1, max-image-preview:large, max-video-preview:-1\" \/>\n<link rel=\"canonical\" href=\"https:\/\/lajabata.com\/\" \/>\n<meta property=\"og:locale\" content=\"fr_FR\" \/>\n<meta property=\"og:type\" content=\"article\" \/>\n<meta property=\"og:title\" content=\"Home - La Jabata\" \/>\n<meta property=\"og:description\" content=\"LA JABATA MANGER BOIRE SOURIRE ADRESSE Ronda Sant Pau, 15Barcelona CONTACT 93 683 79 55 reservas@lajabata.com \u00c0 propos de la Jabata La Jabata est n\u00e9e au c\u0153ur de Paral-lel, dans un lieu embl\u00e9matique de Barcelone. Anciennement G\u00e9minis, puis Jabal\u00ed, cet espace est devenu un lieu de rencontre pour les habitants et les voyageurs, qui venaient [&hellip;]\" \/>\n<meta property=\"og:url\" content=\"https:\/\/lajabata.com\/\" \/>\n<meta property=\"og:site_name\" content=\"La Jabata\" \/>\n<meta property=\"article:modified_time\" content=\"2024-11-25T07:38:54+00:00\" \/>\n<meta name=\"twitter:card\" content=\"summary_large_image\" \/>\n<meta name=\"twitter:label1\" content=\"Dur\u00e9e de lecture estim\u00e9e\" \/>\n\t<meta name=\"twitter:data1\" content=\"1 minute\" \/>\n<script type=\"application\/ld+json\" class=\"yoast-schema-graph\">{\"@context\":\"https:\/\/schema.org\",\"@graph\":[{\"@type\":\"WebPage\",\"@id\":\"https:\/\/lajabata.com\/\",\"url\":\"https:\/\/lajabata.com\/\",\"name\":\"Home - La Jabata\",\"isPartOf\":{\"@id\":\"https:\/\/lajabata.com\/#website\"},\"datePublished\":\"2022-05-02T09:16:11+00:00\",\"dateModified\":\"2024-11-25T07:38:54+00:00\",\"breadcrumb\":{\"@id\":\"https:\/\/lajabata.com\/#breadcrumb\"},\"inLanguage\":\"fr-FR\",\"potentialAction\":[{\"@type\":\"ReadAction\",\"target\":[\"https:\/\/lajabata.com\/\"]}]},{\"@type\":\"BreadcrumbList\",\"@id\":\"https:\/\/lajabata.com\/#breadcrumb\",\"itemListElement\":[{\"@type\":\"ListItem\",\"position\":1,\"name\":\"Portada\",\"item\":\"https:\/\/lajabata.com\/\"},{\"@type\":\"ListItem\",\"position\":2,\"name\":\"Home\"}]},{\"@type\":\"WebSite\",\"@id\":\"https:\/\/lajabata.com\/#website\",\"url\":\"https:\/\/lajabata.com\/\",\"name\":\"La Jabata\",\"description\":\"\",\"publisher\":{\"@id\":\"https:\/\/lajabata.com\/#organization\"},\"potentialAction\":[{\"@type\":\"SearchAction\",\"target\":{\"@type\":\"EntryPoint\",\"urlTemplate\":\"https:\/\/lajabata.com\/?s={search_term_string}\"},\"query-input\":{\"@type\":\"PropertyValueSpecification\",\"valueRequired\":true,\"valueName\":\"search_term_string\"}}],\"inLanguage\":\"fr-FR\"},{\"@type\":\"Organization\",\"@id\":\"https:\/\/lajabata.com\/#organization\",\"name\":\"La Jabata\",\"url\":\"https:\/\/lajabata.com\/\",\"logo\":{\"@type\":\"ImageObject\",\"inLanguage\":\"fr-FR\",\"@id\":\"https:\/\/lajabata.com\/#\/schema\/logo\/image\/\",\"url\":\"https:\/\/lajabata.com\/wp-content\/uploads\/2021\/09\/la-jabata-logo_h.png\",\"contentUrl\":\"https:\/\/lajabata.com\/wp-content\/uploads\/2021\/09\/la-jabata-logo_h.png\",\"width\":1000,\"height\":252,\"caption\":\"La Jabata\"},\"image\":{\"@id\":\"https:\/\/lajabata.com\/#\/schema\/logo\/image\/\"},\"sameAs\":[\"https:\/\/www.instagram.com\/lajabatabcn\/\"]}]}<\/script>\n<!-- \/ Yoast SEO plugin. -->","yoast_head_json":{"title":"Home - La Jabata","robots":{"index":"index","follow":"follow","max-snippet":"max-snippet:-1","max-image-preview":"max-image-preview:large","max-video-preview":"max-video-preview:-1"},"canonical":"https:\/\/lajabata.com\/","og_locale":"fr_FR","og_type":"article","og_title":"Home - La Jabata","og_description":"LA JABATA MANGER BOIRE SOURIRE ADRESSE Ronda Sant Pau, 15Barcelona CONTACT 93 683 79 55 reservas@lajabata.com \u00c0 propos de la Jabata La Jabata est n\u00e9e au c\u0153ur de Paral-lel, dans un lieu embl\u00e9matique de Barcelone. Anciennement G\u00e9minis, puis Jabal\u00ed, cet espace est devenu un lieu de rencontre pour les habitants et les voyageurs, qui venaient [&hellip;]","og_url":"https:\/\/lajabata.com\/","og_site_name":"La Jabata","article_modified_time":"2024-11-25T07:38:54+00:00","twitter_card":"summary_large_image","twitter_misc":{"Dur\u00e9e de lecture estim\u00e9e":"1 minute"},"schema":{"@context":"https:\/\/schema.org","@graph":[{"@type":"WebPage","@id":"https:\/\/lajabata.com\/","url":"https:\/\/lajabata.com\/","name":"Home - La Jabata","isPartOf":{"@id":"https:\/\/lajabata.com\/#website"},"datePublished":"2022-05-02T09:16:11+00:00","dateModified":"2024-11-25T07:38:54+00:00","breadcrumb":{"@id":"https:\/\/lajabata.com\/#breadcrumb"},"inLanguage":"fr-FR","potentialAction":[{"@type":"ReadAction","target":["https:\/\/lajabata.com\/"]}]},{"@type":"BreadcrumbList","@id":"https:\/\/lajabata.com\/#breadcrumb","itemListElement":[{"@type":"ListItem","position":1,"name":"Portada","item":"https:\/\/lajabata.com\/"},{"@type":"ListItem","position":2,"name":"Home"}]},{"@type":"WebSite","@id":"https:\/\/lajabata.com\/#website","url":"https:\/\/lajabata.com\/","name":"La Jabata","description":"","publisher":{"@id":"https:\/\/lajabata.com\/#organization"},"potentialAction":[{"@type":"SearchAction","target":{"@type":"EntryPoint","urlTemplate":"https:\/\/lajabata.com\/?s={search_term_string}"},"query-input":{"@type":"PropertyValueSpecification","valueRequired":true,"valueName":"search_term_string"}}],"inLanguage":"fr-FR"},{"@type":"Organization","@id":"https:\/\/lajabata.com\/#organization","name":"La Jabata","url":"https:\/\/lajabata.com\/","logo":{"@type":"ImageObject","inLanguage":"fr-FR","@id":"https:\/\/lajabata.com\/#\/schema\/logo\/image\/","url":"https:\/\/lajabata.com\/wp-content\/uploads\/2021\/09\/la-jabata-logo_h.png","contentUrl":"https:\/\/lajabata.com\/wp-content\/uploads\/2021\/09\/la-jabata-logo_h.png","width":1000,"height":252,"caption":"La Jabata"},"image":{"@id":"https:\/\/lajabata.com\/#\/schema\/logo\/image\/"},"sameAs":["https:\/\/www.instagram.com\/lajabatabcn\/"]}]}},"_links":{"self":[{"href":"https:\/\/lajabata.com\/fr\/wp-json\/wp\/v2\/pages\/1293","targetHints":{"allow":["GET"]}}],"collection":[{"href":"https:\/\/lajabata.com\/fr\/wp-json\/wp\/v2\/pages"}],"about":[{"href":"https:\/\/lajabata.com\/fr\/wp-json\/wp\/v2\/types\/page"}],"author":[{"embeddable":true,"href":"https:\/\/lajabata.com\/fr\/wp-json\/wp\/v2\/users\/2"}],"replies":[{"embeddable":true,"href":"https:\/\/lajabata.com\/fr\/wp-json\/wp\/v2\/comments?post=1293"}],"version-history":[{"count":4,"href":"https:\/\/lajabata.com\/fr\/wp-json\/wp\/v2\/pages\/1293\/revisions"}],"predecessor-version":[{"id":1777,"href":"https:\/\/lajabata.com\/fr\/wp-json\/wp\/v2\/pages\/1293\/revisions\/1777"}],"wp:attachment":[{"href":"https:\/\/lajabata.com\/fr\/wp-json\/wp\/v2\/media?parent=1293"}],"curies":[{"name":"wp","href":"https:\/\/api.w.org\/{rel}","templated":true}]}}