{"id":1295,"date":"2022-05-02T11:25:43","date_gmt":"2022-05-02T09:25:43","guid":{"rendered":"https:\/\/lajabata.com\/reservations\/"},"modified":"2025-02-11T10:49:33","modified_gmt":"2025-02-11T08:49:33","slug":"reservations","status":"publish","type":"page","link":"https:\/\/lajabata.com\/fr\/reservations\/","title":{"rendered":"R\u00e9servations"},"content":{"rendered":"\t\t<div data-elementor-type=\"wp-page\" data-elementor-id=\"1295\" class=\"elementor elementor-1295 elementor-351\" data-elementor-post-type=\"page\">\n\t\t\t\t<div class=\"elementor-element elementor-element-36404b8 e-flex e-con-boxed e-con e-parent\" data-id=\"36404b8\" data-element_type=\"container\">\n\t\t\t\t\t<div class=\"e-con-inner\">\n\t\t<div class=\"elementor-element elementor-element-20722bf e-con-full e-flex e-con e-child\" data-id=\"20722bf\" data-element_type=\"container\">\n\t\t\t\t<div class=\"elementor-element elementor-element-a1dca80 elementor-widget elementor-widget-heading\" data-id=\"a1dca80\" data-element_type=\"widget\" data-widget_type=\"heading.default\">\n\t\t\t\t<div class=\"elementor-widget-container\">\n\t\t\t\t\t<h1 class=\"elementor-heading-title elementor-size-default\">Faire une<br \/>r\u00e9servation<\/h1>\t\t\t\t<\/div>\n\t\t\t\t<\/div>\n\t\t\t\t<div class=\"elementor-element elementor-element-09887ea elementor-widget elementor-widget-shortcode\" data-id=\"09887ea\" data-element_type=\"widget\" data-widget_type=\"shortcode.default\">\n\t\t\t\t<div class=\"elementor-widget-container\">\n\t\t\t\t\t\t\t<div class=\"elementor-shortcode\"><script type=\"text\/javascript\"                                                                                         src=\"https:\/\/www.covermanager.com\/js\/iframeResizer.min.js\"><\/script><iframe                                                             id=\"la-jabata\" title=\"Reservas\"                                                             src=\"https:\/\/www.covermanager.com\/reservation\/module_restaurant\/la-jabata\/french\"                                                             allow=\"payment\" frameborder=\"0\" height=\"550\" width=\"100%\" onload=\"iFrameResize();\"><\/iframe><\/div>\n\t\t\t\t\t\t<\/div>\n\t\t\t\t<\/div>\n\t\t\t\t<\/div>\n\t\t<div class=\"elementor-element elementor-element-eb06791 e-con-full e-flex e-con e-child\" data-id=\"eb06791\" data-element_type=\"container\" data-settings=\"{&quot;background_background&quot;:&quot;slideshow&quot;,&quot;background_slideshow_gallery&quot;:[{&quot;id&quot;:1546,&quot;url&quot;:&quot;https:\\\/\\\/lajabata.com\\\/wp-content\\\/uploads\\\/2024\\\/09\\\/170_lajabata_RafaelArocha.jpg&quot;},{&quot;id&quot;:1542,&quot;url&quot;:&quot;https:\\\/\\\/lajabata.com\\\/wp-content\\\/uploads\\\/2024\\\/09\\\/169_lajabata_RafaelArocha.jpg&quot;},{&quot;id&quot;:1521,&quot;url&quot;:&quot;https:\\\/\\\/lajabata.com\\\/wp-content\\\/uploads\\\/2024\\\/09\\\/164_lajabata_RafaelArocha.jpg&quot;},{&quot;id&quot;:1525,&quot;url&quot;:&quot;https:\\\/\\\/lajabata.com\\\/wp-content\\\/uploads\\\/2024\\\/09\\\/165_lajabata_RafaelArocha.jpg&quot;},{&quot;id&quot;:1517,&quot;url&quot;:&quot;https:\\\/\\\/lajabata.com\\\/wp-content\\\/uploads\\\/2024\\\/09\\\/133_lajabata_RafaelArocha.jpg&quot;},{&quot;id&quot;:1529,&quot;url&quot;:&quot;https:\\\/\\\/lajabata.com\\\/wp-content\\\/uploads\\\/2024\\\/09\\\/166_lajabata_RafaelArocha.jpg&quot;},{&quot;id&quot;:1513,&quot;url&quot;:&quot;https:\\\/\\\/lajabata.com\\\/wp-content\\\/uploads\\\/2024\\\/09\\\/132_lajabata_RafaelArocha.jpg&quot;},{&quot;id&quot;:1533,&quot;url&quot;:&quot;https:\\\/\\\/lajabata.com\\\/wp-content\\\/uploads\\\/2024\\\/09\\\/167_lajabata_RafaelArocha.jpg&quot;},{&quot;id&quot;:1509,&quot;url&quot;:&quot;https:\\\/\\\/lajabata.com\\\/wp-content\\\/uploads\\\/2024\\\/09\\\/131_lajabata_RafaelArocha.jpg&quot;},{&quot;id&quot;:1550,&quot;url&quot;:&quot;https:\\\/\\\/lajabata.com\\\/wp-content\\\/uploads\\\/2024\\\/09\\\/171_lajabata_RafaelArocha.jpg&quot;},{&quot;id&quot;:1501,&quot;url&quot;:&quot;https:\\\/\\\/lajabata.com\\\/wp-content\\\/uploads\\\/2024\\\/09\\\/128_lajabata_RafaelArocha.jpg&quot;},{&quot;id&quot;:1537,&quot;url&quot;:&quot;https:\\\/\\\/lajabata.com\\\/wp-content\\\/uploads\\\/2024\\\/09\\\/168_lajabata_RafaelArocha.jpg&quot;},{&quot;id&quot;:1554,&quot;url&quot;:&quot;https:\\\/\\\/lajabata.com\\\/wp-content\\\/uploads\\\/2024\\\/09\\\/172_lajabata_RafaelArocha.jpg&quot;}],&quot;background_slideshow_loop&quot;:&quot;yes&quot;,&quot;background_slideshow_slide_duration&quot;:5000,&quot;background_slideshow_slide_transition&quot;:&quot;fade&quot;,&quot;background_slideshow_transition_duration&quot;:500}\">\n\t\t\t\t<\/div>\n\t\t\t\t\t<\/div>\n\t\t\t\t<\/div>\n\t\t<div class=\"elementor-element elementor-element-3cb5826 e-flex e-con-boxed e-con e-parent\" data-id=\"3cb5826\" data-element_type=\"container\">\n\t\t\t\t\t<div class=\"e-con-inner\">\n\t\t\t\t<div class=\"elementor-element elementor-element-1cd1445 elementor-widget__width-initial elementor-widget elementor-widget-google_maps\" data-id=\"1cd1445\" data-element_type=\"widget\" data-widget_type=\"google_maps.default\">\n\t\t\t\t<div class=\"elementor-widget-container\">\n\t\t\t\t\t\t\t<div class=\"elementor-custom-embed\">\n\t\t\t<iframe loading=\"lazy\"\n\t\t\t\t\tsrc=\"https:\/\/maps.google.com\/maps?q=Ronda%20Sant%20Pau%2C%2015%20barcelona&#038;t=m&#038;z=17&#038;output=embed&#038;iwloc=near\"\n\t\t\t\t\ttitle=\"Ronda Sant Pau, 15 barcelona\"\n\t\t\t\t\taria-label=\"Ronda Sant Pau, 15 barcelona\"\n\t\t\t><\/iframe>\n\t\t<\/div>\n\t\t\t\t\t\t<\/div>\n\t\t\t\t<\/div>\n\t\t<div class=\"elementor-element elementor-element-fa1a93b e-con-full e-flex e-con e-child\" data-id=\"fa1a93b\" data-element_type=\"container\">\n\t\t\t\t<div class=\"elementor-element elementor-element-652a130 elementor-widget elementor-widget-heading\" data-id=\"652a130\" data-element_type=\"widget\" data-widget_type=\"heading.default\">\n\t\t\t\t<div class=\"elementor-widget-container\">\n\t\t\t\t\t<h2 class=\"elementor-heading-title elementor-size-default\">O\u00f9 nous sommes<\/h2>\t\t\t\t<\/div>\n\t\t\t\t<\/div>\n\t\t\t\t<div class=\"elementor-element elementor-element-7362f3d elementor-widget elementor-widget-text-editor\" data-id=\"7362f3d\" data-element_type=\"widget\" data-widget_type=\"text-editor.default\">\n\t\t\t\t<div class=\"elementor-widget-container\">\n\t\t\t\t\t\t\t\t\t<p>Vous nous trouverez au c\u0153ur de Paral\u00b7lel, \u00e0 proximit\u00e9 de ses th\u00e9\u00e2tres et de ses salles de concert. La station de m\u00e9tro Paral\u00b7lel (L2 et L3) est \u00e0 2 minutes.<\/p>\n\t\t\t\t\t\t\t\t<\/div>\n\t\t\t\t<\/div>\n\t\t\t\t<div class=\"elementor-element elementor-element-893e473 elementor-widget elementor-widget-heading\" data-id=\"893e473\" data-element_type=\"widget\" data-widget_type=\"heading.default\">\n\t\t\t\t<div class=\"elementor-widget-container\">\n\t\t\t\t\t<h4 class=\"elementor-heading-title elementor-size-default\">CONTACT<\/h4>\t\t\t\t<\/div>\n\t\t\t\t<\/div>\n\t\t\t\t<div class=\"elementor-element elementor-element-29036ba elementor-tablet-align-center elementor-icon-list--layout-traditional elementor-list-item-link-full_width elementor-widget elementor-widget-icon-list\" data-id=\"29036ba\" data-element_type=\"widget\" data-widget_type=\"icon-list.default\">\n\t\t\t\t<div class=\"elementor-widget-container\">\n\t\t\t\t\t\t\t<ul class=\"elementor-icon-list-items\">\n\t\t\t\t\t\t\t<li class=\"elementor-icon-list-item\">\n\t\t\t\t\t\t\t\t\t\t\t<span class=\"elementor-icon-list-icon\">\n\t\t\t\t\t\t\t<i aria-hidden=\"true\" class=\"fas fa-map-marker-alt\"><\/i>\t\t\t\t\t\t<\/span>\n\t\t\t\t\t\t\t\t\t\t<span class=\"elementor-icon-list-text\">Ronda Sant Pau, 15 Barcelona<\/span>\n\t\t\t\t\t\t\t\t\t<\/li>\n\t\t\t\t\t\t\t\t<li class=\"elementor-icon-list-item\">\n\t\t\t\t\t\t\t\t\t\t\t<a href=\"tel:+34936837955\">\n\n\t\t\t\t\t\t\t\t\t\t\t\t<span class=\"elementor-icon-list-icon\">\n\t\t\t\t\t\t\t<i aria-hidden=\"true\" class=\"fas fa-phone-alt\"><\/i>\t\t\t\t\t\t<\/span>\n\t\t\t\t\t\t\t\t\t\t<span class=\"elementor-icon-list-text\">93 683 79 55<\/span>\n\t\t\t\t\t\t\t\t\t\t\t<\/a>\n\t\t\t\t\t\t\t\t\t<\/li>\n\t\t\t\t\t\t\t\t<li class=\"elementor-icon-list-item\">\n\t\t\t\t\t\t\t\t\t\t\t<a href=\"mailto:reservas@lajabata.com?subject=Reserva\">\n\n\t\t\t\t\t\t\t\t\t\t\t\t<span class=\"elementor-icon-list-icon\">\n\t\t\t\t\t\t\t<i aria-hidden=\"true\" class=\"far fa-envelope\"><\/i>\t\t\t\t\t\t<\/span>\n\t\t\t\t\t\t\t\t\t\t<span class=\"elementor-icon-list-text\">reservas@lajabata.com<\/span>\n\t\t\t\t\t\t\t\t\t\t\t<\/a>\n\t\t\t\t\t\t\t\t\t<\/li>\n\t\t\t\t\t\t<\/ul>\n\t\t\t\t\t\t<\/div>\n\t\t\t\t<\/div>\n\t\t\t\t<div class=\"elementor-element elementor-element-836dfc4 elementor-widget elementor-widget-heading\" data-id=\"836dfc4\" data-element_type=\"widget\" data-widget_type=\"heading.default\">\n\t\t\t\t<div class=\"elementor-widget-container\">\n\t\t\t\t\t<h4 class=\"elementor-heading-title elementor-size-default\">HORAIRE<\/h4>\t\t\t\t<\/div>\n\t\t\t\t<\/div>\n\t\t\t\t<div class=\"elementor-element elementor-element-a236a21 elementor-tablet-align-center elementor-icon-list--layout-traditional elementor-list-item-link-full_width elementor-widget elementor-widget-icon-list\" data-id=\"a236a21\" data-element_type=\"widget\" data-widget_type=\"icon-list.default\">\n\t\t\t\t<div class=\"elementor-widget-container\">\n\t\t\t\t\t\t\t<ul class=\"elementor-icon-list-items\">\n\t\t\t\t\t\t\t<li class=\"elementor-icon-list-item\">\n\t\t\t\t\t\t\t\t\t\t<span class=\"elementor-icon-list-text\">Du mercredi au dimanche: <br\/>08:00h - 01:00h<\/span>\n\t\t\t\t\t\t\t\t\t<\/li>\n\t\t\t\t\t\t\t\t<li class=\"elementor-icon-list-item\">\n\t\t\t\t\t\t\t\t\t\t<span class=\"elementor-icon-list-text\">Mardi: <br\/>16:00h - 01:00h<\/span>\n\t\t\t\t\t\t\t\t\t<\/li>\n\t\t\t\t\t\t\t\t<li class=\"elementor-icon-list-item\">\n\t\t\t\t\t\t\t\t\t\t<span class=\"elementor-icon-list-text\">Lundi:<br\/> Cerrado<\/span>\n\t\t\t\t\t\t\t\t\t<\/li>\n\t\t\t\t\t\t<\/ul>\n\t\t\t\t\t\t<\/div>\n\t\t\t\t<\/div>\n\t\t\t\t<\/div>\n\t\t\t\t\t<\/div>\n\t\t\t\t<\/div>\n\t\t\t\t<\/div>\n\t\t","protected":false},"excerpt":{"rendered":"<p>Faire uner\u00e9servation O\u00f9 nous sommes Vous nous trouverez au c\u0153ur de Paral\u00b7lel, \u00e0 proximit\u00e9 de ses th\u00e9\u00e2tres et de ses salles de concert. La station de m\u00e9tro Paral\u00b7lel (L2 et L3) est \u00e0 2 minutes. CONTACT Ronda Sant Pau, 15 Barcelona 93 683 79 55 reservas@lajabata.com HORAIRE Du mercredi au dimanche: 08:00h &#8211; 01:00h Mardi: [&hellip;]<\/p>\n","protected":false},"author":2,"featured_media":0,"parent":0,"menu_order":0,"comment_status":"closed","ping_status":"closed","template":"elementor_header_footer","meta":{"footnotes":""},"class_list":["post-1295","page","type-page","status-publish","hentry"],"yoast_head":"<!-- This site is optimized with the Yoast SEO plugin v25.6 - https:\/\/yoast.com\/wordpress\/plugins\/seo\/ -->\n<title>R\u00e9servations - La Jabata<\/title>\n<meta name=\"robots\" content=\"index, follow, max-snippet:-1, max-image-preview:large, max-video-preview:-1\" \/>\n<link rel=\"canonical\" href=\"https:\/\/lajabata.com\/reservas\/\" \/>\n<meta property=\"og:locale\" content=\"fr_FR\" \/>\n<meta property=\"og:type\" content=\"article\" \/>\n<meta property=\"og:title\" content=\"R\u00e9servations - La Jabata\" \/>\n<meta property=\"og:description\" content=\"Faire uner\u00e9servation O\u00f9 nous sommes Vous nous trouverez au c\u0153ur de Paral\u00b7lel, \u00e0 proximit\u00e9 de ses th\u00e9\u00e2tres et de ses salles de concert. La station de m\u00e9tro Paral\u00b7lel (L2 et L3) est \u00e0 2 minutes. CONTACT Ronda Sant Pau, 15 Barcelona 93 683 79 55 reservas@lajabata.com HORAIRE Du mercredi au dimanche: 08:00h &#8211; 01:00h Mardi: [&hellip;]\" \/>\n<meta property=\"og:url\" content=\"https:\/\/lajabata.com\/reservas\/\" \/>\n<meta property=\"og:site_name\" content=\"La Jabata\" \/>\n<meta property=\"article:modified_time\" content=\"2025-02-11T08:49:33+00:00\" \/>\n<meta name=\"twitter:card\" content=\"summary_large_image\" \/>\n<script type=\"application\/ld+json\" class=\"yoast-schema-graph\">{\"@context\":\"https:\/\/schema.org\",\"@graph\":[{\"@type\":\"WebPage\",\"@id\":\"https:\/\/lajabata.com\/reservas\/\",\"url\":\"https:\/\/lajabata.com\/reservas\/\",\"name\":\"R\u00e9servations - La Jabata\",\"isPartOf\":{\"@id\":\"https:\/\/lajabata.com\/#website\"},\"datePublished\":\"2022-05-02T09:25:43+00:00\",\"dateModified\":\"2025-02-11T08:49:33+00:00\",\"breadcrumb\":{\"@id\":\"https:\/\/lajabata.com\/reservas\/#breadcrumb\"},\"inLanguage\":\"fr-FR\",\"potentialAction\":[{\"@type\":\"ReadAction\",\"target\":[\"https:\/\/lajabata.com\/reservas\/\"]}]},{\"@type\":\"BreadcrumbList\",\"@id\":\"https:\/\/lajabata.com\/reservas\/#breadcrumb\",\"itemListElement\":[{\"@type\":\"ListItem\",\"position\":1,\"name\":\"Portada\",\"item\":\"https:\/\/lajabata.com\/\"},{\"@type\":\"ListItem\",\"position\":2,\"name\":\"R\u00e9servations\"}]},{\"@type\":\"WebSite\",\"@id\":\"https:\/\/lajabata.com\/#website\",\"url\":\"https:\/\/lajabata.com\/\",\"name\":\"La Jabata\",\"description\":\"\",\"publisher\":{\"@id\":\"https:\/\/lajabata.com\/#organization\"},\"potentialAction\":[{\"@type\":\"SearchAction\",\"target\":{\"@type\":\"EntryPoint\",\"urlTemplate\":\"https:\/\/lajabata.com\/?s={search_term_string}\"},\"query-input\":{\"@type\":\"PropertyValueSpecification\",\"valueRequired\":true,\"valueName\":\"search_term_string\"}}],\"inLanguage\":\"fr-FR\"},{\"@type\":\"Organization\",\"@id\":\"https:\/\/lajabata.com\/#organization\",\"name\":\"La Jabata\",\"url\":\"https:\/\/lajabata.com\/\",\"logo\":{\"@type\":\"ImageObject\",\"inLanguage\":\"fr-FR\",\"@id\":\"https:\/\/lajabata.com\/#\/schema\/logo\/image\/\",\"url\":\"https:\/\/lajabata.com\/wp-content\/uploads\/2021\/09\/la-jabata-logo_h.png\",\"contentUrl\":\"https:\/\/lajabata.com\/wp-content\/uploads\/2021\/09\/la-jabata-logo_h.png\",\"width\":1000,\"height\":252,\"caption\":\"La Jabata\"},\"image\":{\"@id\":\"https:\/\/lajabata.com\/#\/schema\/logo\/image\/\"},\"sameAs\":[\"https:\/\/www.instagram.com\/lajabatabcn\/\"]}]}<\/script>\n<!-- \/ Yoast SEO plugin. -->","yoast_head_json":{"title":"R\u00e9servations - La Jabata","robots":{"index":"index","follow":"follow","max-snippet":"max-snippet:-1","max-image-preview":"max-image-preview:large","max-video-preview":"max-video-preview:-1"},"canonical":"https:\/\/lajabata.com\/reservas\/","og_locale":"fr_FR","og_type":"article","og_title":"R\u00e9servations - La Jabata","og_description":"Faire uner\u00e9servation O\u00f9 nous sommes Vous nous trouverez au c\u0153ur de Paral\u00b7lel, \u00e0 proximit\u00e9 de ses th\u00e9\u00e2tres et de ses salles de concert. La station de m\u00e9tro Paral\u00b7lel (L2 et L3) est \u00e0 2 minutes. CONTACT Ronda Sant Pau, 15 Barcelona 93 683 79 55 reservas@lajabata.com HORAIRE Du mercredi au dimanche: 08:00h &#8211; 01:00h Mardi: [&hellip;]","og_url":"https:\/\/lajabata.com\/reservas\/","og_site_name":"La Jabata","article_modified_time":"2025-02-11T08:49:33+00:00","twitter_card":"summary_large_image","schema":{"@context":"https:\/\/schema.org","@graph":[{"@type":"WebPage","@id":"https:\/\/lajabata.com\/reservas\/","url":"https:\/\/lajabata.com\/reservas\/","name":"R\u00e9servations - La Jabata","isPartOf":{"@id":"https:\/\/lajabata.com\/#website"},"datePublished":"2022-05-02T09:25:43+00:00","dateModified":"2025-02-11T08:49:33+00:00","breadcrumb":{"@id":"https:\/\/lajabata.com\/reservas\/#breadcrumb"},"inLanguage":"fr-FR","potentialAction":[{"@type":"ReadAction","target":["https:\/\/lajabata.com\/reservas\/"]}]},{"@type":"BreadcrumbList","@id":"https:\/\/lajabata.com\/reservas\/#breadcrumb","itemListElement":[{"@type":"ListItem","position":1,"name":"Portada","item":"https:\/\/lajabata.com\/"},{"@type":"ListItem","position":2,"name":"R\u00e9servations"}]},{"@type":"WebSite","@id":"https:\/\/lajabata.com\/#website","url":"https:\/\/lajabata.com\/","name":"La Jabata","description":"","publisher":{"@id":"https:\/\/lajabata.com\/#organization"},"potentialAction":[{"@type":"SearchAction","target":{"@type":"EntryPoint","urlTemplate":"https:\/\/lajabata.com\/?s={search_term_string}"},"query-input":{"@type":"PropertyValueSpecification","valueRequired":true,"valueName":"search_term_string"}}],"inLanguage":"fr-FR"},{"@type":"Organization","@id":"https:\/\/lajabata.com\/#organization","name":"La Jabata","url":"https:\/\/lajabata.com\/","logo":{"@type":"ImageObject","inLanguage":"fr-FR","@id":"https:\/\/lajabata.com\/#\/schema\/logo\/image\/","url":"https:\/\/lajabata.com\/wp-content\/uploads\/2021\/09\/la-jabata-logo_h.png","contentUrl":"https:\/\/lajabata.com\/wp-content\/uploads\/2021\/09\/la-jabata-logo_h.png","width":1000,"height":252,"caption":"La Jabata"},"image":{"@id":"https:\/\/lajabata.com\/#\/schema\/logo\/image\/"},"sameAs":["https:\/\/www.instagram.com\/lajabatabcn\/"]}]}},"_links":{"self":[{"href":"https:\/\/lajabata.com\/fr\/wp-json\/wp\/v2\/pages\/1295","targetHints":{"allow":["GET"]}}],"collection":[{"href":"https:\/\/lajabata.com\/fr\/wp-json\/wp\/v2\/pages"}],"about":[{"href":"https:\/\/lajabata.com\/fr\/wp-json\/wp\/v2\/types\/page"}],"author":[{"embeddable":true,"href":"https:\/\/lajabata.com\/fr\/wp-json\/wp\/v2\/users\/2"}],"replies":[{"embeddable":true,"href":"https:\/\/lajabata.com\/fr\/wp-json\/wp\/v2\/comments?post=1295"}],"version-history":[{"count":21,"href":"https:\/\/lajabata.com\/fr\/wp-json\/wp\/v2\/pages\/1295\/revisions"}],"predecessor-version":[{"id":1785,"href":"https:\/\/lajabata.com\/fr\/wp-json\/wp\/v2\/pages\/1295\/revisions\/1785"}],"wp:attachment":[{"href":"https:\/\/lajabata.com\/fr\/wp-json\/wp\/v2\/media?parent=1295"}],"curies":[{"name":"wp","href":"https:\/\/api.w.org\/{rel}","templated":true}]}}