{"id":1796,"date":"2025-04-29T16:02:58","date_gmt":"2025-04-29T14:02:58","guid":{"rendered":"https:\/\/lajabata.com\/home-pol\/"},"modified":"2025-04-29T16:02:58","modified_gmt":"2025-04-29T14:02:58","slug":"home-pol","status":"publish","type":"page","link":"https:\/\/lajabata.com\/pl\/","title":{"rendered":"Home POL"},"content":{"rendered":"\t\t<div data-elementor-type=\"wp-page\" data-elementor-id=\"1796\" class=\"elementor elementor-1796 elementor-444\" data-elementor-post-type=\"page\">\n\t\t\t\t<div class=\"elementor-element elementor-element-f8ed061 e-flex e-con-boxed e-con e-parent\" data-id=\"f8ed061\" data-element_type=\"container\">\n\t\t\t\t\t<div class=\"e-con-inner\">\n\t\t<div class=\"elementor-element elementor-element-fed91c0 e-con-full e-flex e-con e-child\" data-id=\"fed91c0\" data-element_type=\"container\" data-settings=\"{&quot;background_background&quot;:&quot;slideshow&quot;,&quot;background_slideshow_gallery&quot;:[{&quot;id&quot;:1606,&quot;url&quot;:&quot;https:\\\/\\\/lajabata.com\\\/wp-content\\\/uploads\\\/2024\\\/09\\\/115_lajabata_RafaelArocha.jpg&quot;},{&quot;id&quot;:1574,&quot;url&quot;:&quot;https:\\\/\\\/lajabata.com\\\/wp-content\\\/uploads\\\/2024\\\/09\\\/105_lajabata_RafaelArocha.jpg&quot;},{&quot;id&quot;:1638,&quot;url&quot;:&quot;https:\\\/\\\/lajabata.com\\\/wp-content\\\/uploads\\\/2024\\\/09\\\/143_lajabata_RafaelArocha.jpg&quot;},{&quot;id&quot;:1558,&quot;url&quot;:&quot;https:\\\/\\\/lajabata.com\\\/wp-content\\\/uploads\\\/2024\\\/09\\\/100_lajabata_RafaelArocha.jpg&quot;},{&quot;id&quot;:1654,&quot;url&quot;:&quot;https:\\\/\\\/lajabata.com\\\/wp-content\\\/uploads\\\/2024\\\/09\\\/152_lajabata_RafaelArocha.jpg&quot;},{&quot;id&quot;:1570,&quot;url&quot;:&quot;https:\\\/\\\/lajabata.com\\\/wp-content\\\/uploads\\\/2024\\\/09\\\/104_lajabata_RafaelArocha.jpg&quot;}],&quot;background_slideshow_slide_duration&quot;:4000,&quot;background_slideshow_loop&quot;:&quot;yes&quot;,&quot;background_slideshow_slide_transition&quot;:&quot;fade&quot;,&quot;background_slideshow_transition_duration&quot;:500}\">\n\t\t\t\t<\/div>\n\t\t<div class=\"elementor-element elementor-element-9064db9 e-flex e-con-boxed e-con e-child\" data-id=\"9064db9\" data-element_type=\"container\">\n\t\t\t\t\t<div class=\"e-con-inner\">\n\t\t\t\t<div class=\"elementor-element elementor-element-58f651b elementor-widget elementor-widget-heading\" data-id=\"58f651b\" data-element_type=\"widget\" data-widget_type=\"heading.default\">\n\t\t\t\t<div class=\"elementor-widget-container\">\n\t\t\t\t\t<h1 class=\"elementor-heading-title elementor-size-default\">LA JABATA<\/h1>\t\t\t\t<\/div>\n\t\t\t\t<\/div>\n\t\t\t\t<div class=\"elementor-element elementor-element-9184bfb elementor-headline--style-rotate elementor-widget elementor-widget-animated-headline\" data-id=\"9184bfb\" data-element_type=\"widget\" data-settings=\"{&quot;headline_style&quot;:&quot;rotate&quot;,&quot;animation_type&quot;:&quot;clip&quot;,&quot;rotating_text&quot;:&quot;JE\\u015a\\u0106\\nPI\\u0106\\nU\\u015aMIECHA\\u0106 SI\\u0118&quot;,&quot;rotate_iteration_delay&quot;:2800,&quot;loop&quot;:&quot;yes&quot;}\" data-widget_type=\"animated-headline.default\">\n\t\t\t\t<div class=\"elementor-widget-container\">\n\t\t\t\t\t\t\t<h3 class=\"elementor-headline elementor-headline-animation-type-clip\">\n\t\t\t\t<span class=\"elementor-headline-dynamic-wrapper elementor-headline-text-wrapper\">\n\t\t\t\t\t<span class=\"elementor-headline-dynamic-text elementor-headline-text-active\">\n\t\t\t\tJE\u015a\u0106\t\t\t<\/span>\n\t\t\t\t\t<span class=\"elementor-headline-dynamic-text\">\n\t\t\t\tPI\u0106\t\t\t<\/span>\n\t\t\t\t\t<span class=\"elementor-headline-dynamic-text\">\n\t\t\t\tU\u015aMIECHA\u0106&nbsp;SI\u0118\t\t\t<\/span>\n\t\t\t\t\t\t<\/span>\n\t\t\t\t<\/h3>\n\t\t\t\t\t\t<\/div>\n\t\t\t\t<\/div>\n\t\t\t\t<div class=\"elementor-element elementor-element-aec6183 elementor-widget elementor-widget-heading\" data-id=\"aec6183\" data-element_type=\"widget\" data-widget_type=\"heading.default\">\n\t\t\t\t<div class=\"elementor-widget-container\">\n\t\t\t\t\t<h4 class=\"elementor-heading-title elementor-size-default\">ADRES<\/h4>\t\t\t\t<\/div>\n\t\t\t\t<\/div>\n\t\t\t\t<div class=\"elementor-element elementor-element-65bf83d elementor-widget elementor-widget-text-editor\" data-id=\"65bf83d\" data-element_type=\"widget\" data-widget_type=\"text-editor.default\">\n\t\t\t\t<div class=\"elementor-widget-container\">\n\t\t\t\t\t\t\t\t\t<p>Ronda Sant Pau, 15<br>Barcelona<\/p>\t\t\t\t\t\t\t\t<\/div>\n\t\t\t\t<\/div>\n\t\t\t\t<div class=\"elementor-element elementor-element-b558c2f elementor-widget elementor-widget-heading\" data-id=\"b558c2f\" data-element_type=\"widget\" data-widget_type=\"heading.default\">\n\t\t\t\t<div class=\"elementor-widget-container\">\n\t\t\t\t\t<h4 class=\"elementor-heading-title elementor-size-default\">KONTAKT<\/h4>\t\t\t\t<\/div>\n\t\t\t\t<\/div>\n\t\t\t\t<div class=\"elementor-element elementor-element-b97080d elementor-tablet-align-center elementor-icon-list--layout-traditional elementor-list-item-link-full_width elementor-widget elementor-widget-icon-list\" data-id=\"b97080d\" data-element_type=\"widget\" data-widget_type=\"icon-list.default\">\n\t\t\t\t<div class=\"elementor-widget-container\">\n\t\t\t\t\t\t\t<ul class=\"elementor-icon-list-items\">\n\t\t\t\t\t\t\t<li class=\"elementor-icon-list-item\">\n\t\t\t\t\t\t\t\t\t\t\t<a href=\"tel:+34936837955\">\n\n\t\t\t\t\t\t\t\t\t\t\t\t<span class=\"elementor-icon-list-icon\">\n\t\t\t\t\t\t\t<i aria-hidden=\"true\" class=\"fas fa-phone-alt\"><\/i>\t\t\t\t\t\t<\/span>\n\t\t\t\t\t\t\t\t\t\t<span class=\"elementor-icon-list-text\">93 683 79 55<\/span>\n\t\t\t\t\t\t\t\t\t\t\t<\/a>\n\t\t\t\t\t\t\t\t\t<\/li>\n\t\t\t\t\t\t\t\t<li class=\"elementor-icon-list-item\">\n\t\t\t\t\t\t\t\t\t\t\t<a href=\"mailto:reservas@lajabata.com?subject=Reserva\">\n\n\t\t\t\t\t\t\t\t\t\t\t\t<span class=\"elementor-icon-list-icon\">\n\t\t\t\t\t\t\t<i aria-hidden=\"true\" class=\"far fa-envelope\"><\/i>\t\t\t\t\t\t<\/span>\n\t\t\t\t\t\t\t\t\t\t<span class=\"elementor-icon-list-text\">reservas@lajabata.com<\/span>\n\t\t\t\t\t\t\t\t\t\t\t<\/a>\n\t\t\t\t\t\t\t\t\t<\/li>\n\t\t\t\t\t\t<\/ul>\n\t\t\t\t\t\t<\/div>\n\t\t\t\t<\/div>\n\t\t\t\t\t<\/div>\n\t\t\t\t<\/div>\n\t\t\t\t\t<\/div>\n\t\t\t\t<\/div>\n\t\t<div class=\"elementor-element elementor-element-b15e4fc e-flex e-con-boxed e-con e-parent\" data-id=\"b15e4fc\" data-element_type=\"container\">\n\t\t\t\t\t<div class=\"e-con-inner\">\n\t\t<div class=\"elementor-element elementor-element-e683547 e-con-full e-flex e-con e-child\" data-id=\"e683547\" data-element_type=\"container\">\n\t\t\t\t<div class=\"elementor-element elementor-element-2915525 elementor-widget elementor-widget-heading\" data-id=\"2915525\" data-element_type=\"widget\" data-widget_type=\"heading.default\">\n\t\t\t\t<div class=\"elementor-widget-container\">\n\t\t\t\t\t<h2 class=\"elementor-heading-title elementor-size-default\">O Jabacie<\/h2>\t\t\t\t<\/div>\n\t\t\t\t<\/div>\n\t\t\t\t<div class=\"elementor-element elementor-element-b326568 elementor-widget elementor-widget-text-editor\" data-id=\"b326568\" data-element_type=\"widget\" data-widget_type=\"text-editor.default\">\n\t\t\t\t<div class=\"elementor-widget-container\">\n\t\t\t\t\t\t\t\t\t<p>W sercu Paral\u00b7lel, w kultowym lokalu miasta Barcelona, powstaje La Jabata. Dawniej G\u00e9minis, a p\u00f3\u017aniej Jabal\u00ed, miejsce to sta\u0142o si\u0119 punktem spotka\u0144 okolicznych mieszka\u0144c\u00f3w i podr\u00f3\u017cnych, kt\u00f3rzy przybywali tu w poszukiwaniu kanapek z szynk\u0105, ma\u0142ych da\u0144 i wsp\u00f3lnego biesiadowania przy stole.<\/p><p>Teraz przyszed\u0142 czas na La Jabata. Chcieli\u015bmy zachowa\u0107 fundamentaln\u0105 esencj\u0119 naszych poprzednik\u00f3w i z\u0142o\u017cy\u0107 im ma\u0142y ho\u0142d, nawet poprzez nazw\u0119. Nasza oferta jest bardzo zr\u00f3\u017cnicowana i wsp\u00f3\u0142czesna, zawsze z uwzgl\u0119dnieniem kuchni tradycyjnej oraz klasycznych da\u0144 regionu i miasta.  <\/p><p>Pi\u0119kny i zadbany taras, klasyka tej cz\u0119\u015bci Eixample. We wn\u0119trzu zachowali\u015bmy to, co lokal oferowa\u0142, w\u0142\u0105cznie z przepi\u0119kn\u0105 antresol\u0105, z kt\u00f3rej mo\u017cemy obserwowa\u0107 ulic\u0119 i bar, delektuj\u0105c si\u0119 naszymi potrawami. Nasze menu koncentruje si\u0119 na formacie &#8222;do dzielenia si\u0119&#8221;, odchodz\u0105c nieco od pierwszych i drugich da\u0144, z zabawn\u0105 i nieco niekonwencjonaln\u0105 ofert\u0105.  <\/p><p>Mamy nadziej\u0119 sprosta\u0107 oczekiwaniom z wielkim oddaniem i mi\u0142o\u015bci\u0105 do tego, co robimy.<\/p><p><br>Pami\u0119taj nasze motto:<\/p><p><strong>JE\u015a\u0106 <span style=\"color: #969044;\">\/\/<\/span> PI\u0106 <span style=\"color: #969044;\">\/\/<\/span> U\u015aMIECHA\u0106 SI\u0118<\/strong><\/p>\t\t\t\t\t\t\t\t<\/div>\n\t\t\t\t<\/div>\n\t\t\t\t<\/div>\n\t\t<div class=\"elementor-element elementor-element-68f4c45 e-con-full e-flex e-con e-child\" data-id=\"68f4c45\" data-element_type=\"container\" data-settings=\"{&quot;background_background&quot;:&quot;classic&quot;}\">\n\t\t\t\t<\/div>\n\t\t\t\t\t<\/div>\n\t\t\t\t<\/div>\n\t\t<div class=\"elementor-element elementor-element-2e677db e-flex e-con-boxed e-con e-parent\" data-id=\"2e677db\" data-element_type=\"container\" data-settings=\"{&quot;background_background&quot;:&quot;classic&quot;}\">\n\t\t\t\t\t<div class=\"e-con-inner\">\n\t\t\t\t<div class=\"elementor-element elementor-element-be58aa2 elementor-cta--skin-cover elementor-cta--valign-bottom elementor-widget__width-initial elementor-bg-transform elementor-bg-transform-zoom-in elementor-widget elementor-widget-call-to-action\" data-id=\"be58aa2\" data-element_type=\"widget\" data-widget_type=\"call-to-action.default\">\n\t\t\t\t<div class=\"elementor-widget-container\">\n\t\t\t\t\t\t\t<a class=\"elementor-cta\" href=\"https:\/\/lajabata.com\/comida\/\">\n\t\t\t\t\t<div class=\"elementor-cta__bg-wrapper\">\n\t\t\t\t<div class=\"elementor-cta__bg elementor-bg\" style=\"background-image: url(https:\/\/lajabata.com\/wp-content\/uploads\/2024\/09\/165_lajabata_RafaelArocha.jpg);\" role=\"img\" aria-label=\"165_lajabata_RafaelArocha\"><\/div>\n\t\t\t\t<div class=\"elementor-cta__bg-overlay\"><\/div>\n\t\t\t<\/div>\n\t\t\t\t\t\t\t<div class=\"elementor-cta__content\">\n\t\t\t\t\n\t\t\t\t\t\t\t\t\t<h2 class=\"elementor-cta__title elementor-cta__content-item elementor-content-item\">\n\t\t\t\t\t\tNasze dania\t\t\t\t\t<\/h2>\n\t\t\t\t\n\t\t\t\t\n\t\t\t\t\t\t\t<\/div>\n\t\t\t\t\t\t<\/a>\n\t\t\t\t\t\t<\/div>\n\t\t\t\t<\/div>\n\t\t\t\t<div class=\"elementor-element elementor-element-605a908 elementor-cta--skin-cover elementor-cta--valign-bottom elementor-widget__width-initial elementor-bg-transform elementor-bg-transform-zoom-in elementor-widget elementor-widget-call-to-action\" data-id=\"605a908\" data-element_type=\"widget\" data-widget_type=\"call-to-action.default\">\n\t\t\t\t<div class=\"elementor-widget-container\">\n\t\t\t\t\t\t\t<a class=\"elementor-cta\" href=\"https:\/\/lajabata.com\/bebidas\/\">\n\t\t\t\t\t<div class=\"elementor-cta__bg-wrapper\">\n\t\t\t\t<div class=\"elementor-cta__bg elementor-bg\" style=\"background-image: url(https:\/\/lajabata.com\/wp-content\/uploads\/2024\/09\/157_lajabata_RafaelArocha.jpg);\" role=\"img\" aria-label=\"157_lajabata_RafaelArocha\"><\/div>\n\t\t\t\t<div class=\"elementor-cta__bg-overlay\"><\/div>\n\t\t\t<\/div>\n\t\t\t\t\t\t\t<div class=\"elementor-cta__content\">\n\t\t\t\t\n\t\t\t\t\t\t\t\t\t<h2 class=\"elementor-cta__title elementor-cta__content-item elementor-content-item\">\n\t\t\t\t\t\tNasze wina\t\t\t\t\t<\/h2>\n\t\t\t\t\n\t\t\t\t\n\t\t\t\t\t\t\t<\/div>\n\t\t\t\t\t\t<\/a>\n\t\t\t\t\t\t<\/div>\n\t\t\t\t<\/div>\n\t\t\t\t\t<\/div>\n\t\t\t\t<\/div>\n\t\t<div class=\"elementor-element elementor-element-f53047f e-flex e-con-boxed e-con e-parent\" data-id=\"f53047f\" data-element_type=\"container\">\n\t\t\t\t\t<div class=\"e-con-inner\">\n\t\t\t\t<div class=\"elementor-element elementor-element-8574ed4 elementor-widget__width-initial elementor-widget elementor-widget-google_maps\" data-id=\"8574ed4\" data-element_type=\"widget\" data-widget_type=\"google_maps.default\">\n\t\t\t\t<div class=\"elementor-widget-container\">\n\t\t\t\t\t\t\t<div class=\"elementor-custom-embed\">\n\t\t\t<iframe loading=\"lazy\"\n\t\t\t\t\tsrc=\"https:\/\/maps.google.com\/maps?q=Ronda%20Sant%20Pau%2C%2015%20barcelona&#038;t=m&#038;z=17&#038;output=embed&#038;iwloc=near\"\n\t\t\t\t\ttitle=\"Ronda Sant Pau, 15 barcelona\"\n\t\t\t\t\taria-label=\"Ronda Sant Pau, 15 barcelona\"\n\t\t\t><\/iframe>\n\t\t<\/div>\n\t\t\t\t\t\t<\/div>\n\t\t\t\t<\/div>\n\t\t<div class=\"elementor-element elementor-element-cd6a881 e-con-full e-flex e-con e-child\" data-id=\"cd6a881\" data-element_type=\"container\">\n\t\t\t\t<div class=\"elementor-element elementor-element-8eecb18 elementor-widget elementor-widget-heading\" data-id=\"8eecb18\" data-element_type=\"widget\" data-widget_type=\"heading.default\">\n\t\t\t\t<div class=\"elementor-widget-container\">\n\t\t\t\t\t<h2 class=\"elementor-heading-title elementor-size-default\">Gdzie jeste\u015bmy<\/h2>\t\t\t\t<\/div>\n\t\t\t\t<\/div>\n\t\t\t\t<div class=\"elementor-element elementor-element-23e1637 elementor-widget elementor-widget-text-editor\" data-id=\"23e1637\" data-element_type=\"widget\" data-widget_type=\"text-editor.default\">\n\t\t\t\t<div class=\"elementor-widget-container\">\n\t\t\t\t\t\t\t\t\t<p>Znajdziesz nas w sercu Paral\u00b7lel, blisko jego teatr\u00f3w i sal koncertowych. Stacja metra Paral\u00b7lel (linie L2 i L3) znajduje si\u0119 2 minuty st\u0105d. <\/p>\t\t\t\t\t\t\t\t<\/div>\n\t\t\t\t<\/div>\n\t\t\t\t<div class=\"elementor-element elementor-element-b1881d0 elementor-widget elementor-widget-heading\" data-id=\"b1881d0\" data-element_type=\"widget\" data-widget_type=\"heading.default\">\n\t\t\t\t<div class=\"elementor-widget-container\">\n\t\t\t\t\t<h4 class=\"elementor-heading-title elementor-size-default\">KONTAKT<\/h4>\t\t\t\t<\/div>\n\t\t\t\t<\/div>\n\t\t\t\t<div class=\"elementor-element elementor-element-32ad974 elementor-tablet-align-center elementor-icon-list--layout-traditional elementor-list-item-link-full_width elementor-widget elementor-widget-icon-list\" data-id=\"32ad974\" data-element_type=\"widget\" data-widget_type=\"icon-list.default\">\n\t\t\t\t<div class=\"elementor-widget-container\">\n\t\t\t\t\t\t\t<ul class=\"elementor-icon-list-items\">\n\t\t\t\t\t\t\t<li class=\"elementor-icon-list-item\">\n\t\t\t\t\t\t\t\t\t\t\t<span class=\"elementor-icon-list-icon\">\n\t\t\t\t\t\t\t<i aria-hidden=\"true\" class=\"fas fa-map-marker-alt\"><\/i>\t\t\t\t\t\t<\/span>\n\t\t\t\t\t\t\t\t\t\t<span class=\"elementor-icon-list-text\">Ronda Sant Pau, 15 Barcelona<\/span>\n\t\t\t\t\t\t\t\t\t<\/li>\n\t\t\t\t\t\t\t\t<li class=\"elementor-icon-list-item\">\n\t\t\t\t\t\t\t\t\t\t\t<a href=\"tel:+34936837955\">\n\n\t\t\t\t\t\t\t\t\t\t\t\t<span class=\"elementor-icon-list-icon\">\n\t\t\t\t\t\t\t<i aria-hidden=\"true\" class=\"fas fa-phone-alt\"><\/i>\t\t\t\t\t\t<\/span>\n\t\t\t\t\t\t\t\t\t\t<span class=\"elementor-icon-list-text\">93 683 79 55<\/span>\n\t\t\t\t\t\t\t\t\t\t\t<\/a>\n\t\t\t\t\t\t\t\t\t<\/li>\n\t\t\t\t\t\t\t\t<li class=\"elementor-icon-list-item\">\n\t\t\t\t\t\t\t\t\t\t\t<a href=\"mailto:reservas@lajabata.com?subject=Reserva\">\n\n\t\t\t\t\t\t\t\t\t\t\t\t<span class=\"elementor-icon-list-icon\">\n\t\t\t\t\t\t\t<i aria-hidden=\"true\" class=\"far fa-envelope\"><\/i>\t\t\t\t\t\t<\/span>\n\t\t\t\t\t\t\t\t\t\t<span class=\"elementor-icon-list-text\">reservas@lajabata.com<\/span>\n\t\t\t\t\t\t\t\t\t\t\t<\/a>\n\t\t\t\t\t\t\t\t\t<\/li>\n\t\t\t\t\t\t<\/ul>\n\t\t\t\t\t\t<\/div>\n\t\t\t\t<\/div>\n\t\t\t\t<div class=\"elementor-element elementor-element-9489307 elementor-widget elementor-widget-heading\" data-id=\"9489307\" data-element_type=\"widget\" data-widget_type=\"heading.default\">\n\t\t\t\t<div class=\"elementor-widget-container\">\n\t\t\t\t\t<h4 class=\"elementor-heading-title elementor-size-default\">HARMONOGRAM<\/h4>\t\t\t\t<\/div>\n\t\t\t\t<\/div>\n\t\t\t\t<div class=\"elementor-element elementor-element-179dad1 elementor-tablet-align-center elementor-icon-list--layout-traditional elementor-list-item-link-full_width elementor-widget elementor-widget-icon-list\" data-id=\"179dad1\" data-element_type=\"widget\" data-widget_type=\"icon-list.default\">\n\t\t\t\t<div class=\"elementor-widget-container\">\n\t\t\t\t\t\t\t<ul class=\"elementor-icon-list-items\">\n\t\t\t\t\t\t\t<li class=\"elementor-icon-list-item\">\n\t\t\t\t\t\t\t\t\t\t<span class=\"elementor-icon-list-text\">\u015aroda - Niedziela:<br>08:00h - 01:00h<\/span>\n\t\t\t\t\t\t\t\t\t<\/li>\n\t\t\t\t\t\t\t\t<li class=\"elementor-icon-list-item\">\n\t\t\t\t\t\t\t\t\t\t<span class=\"elementor-icon-list-text\">Wtorek: <br>16:00h - 01:00h<\/span>\n\t\t\t\t\t\t\t\t\t<\/li>\n\t\t\t\t\t\t\t\t<li class=\"elementor-icon-list-item\">\n\t\t\t\t\t\t\t\t\t\t<span class=\"elementor-icon-list-text\">Poniedzia\u0142ek:<br>Zamkni\u0119te<\/span>\n\t\t\t\t\t\t\t\t\t<\/li>\n\t\t\t\t\t\t<\/ul>\n\t\t\t\t\t\t<\/div>\n\t\t\t\t<\/div>\n\t\t\t\t<div class=\"elementor-element elementor-element-e3c140c elementor-align-left elementor-tablet-align-center elementor-mobile-align-left elementor-widget elementor-widget-button\" data-id=\"e3c140c\" data-element_type=\"widget\" data-widget_type=\"button.default\">\n\t\t\t\t<div class=\"elementor-widget-container\">\n\t\t\t\t\t\t\t\t\t<div class=\"elementor-button-wrapper\">\n\t\t\t\t\t<a class=\"elementor-button elementor-button-link elementor-size-sm\" href=\"https:\/\/lajabata.com\/pl\/rezerwacje\/\">\n\t\t\t\t\t\t<span class=\"elementor-button-content-wrapper\">\n\t\t\t\t\t\t\t\t\t<span class=\"elementor-button-text\">Zarezerwuj stolik<\/span>\n\t\t\t\t\t<\/span>\n\t\t\t\t\t<\/a>\n\t\t\t\t<\/div>\n\t\t\t\t\t\t\t\t<\/div>\n\t\t\t\t<\/div>\n\t\t\t\t<\/div>\n\t\t\t\t\t<\/div>\n\t\t\t\t<\/div>\n\t\t\t\t<\/div>\n\t\t","protected":false},"excerpt":{"rendered":"<p>LA JABATA JE\u015a\u0106 PI\u0106 U\u015aMIECHA\u0106&nbsp;SI\u0118 ADRES Ronda Sant Pau, 15Barcelona KONTAKT 93 683 79 55 reservas@lajabata.com O Jabacie W sercu Paral\u00b7lel, w kultowym lokalu miasta Barcelona, powstaje La Jabata. Dawniej G\u00e9minis, a p\u00f3\u017aniej Jabal\u00ed, miejsce to sta\u0142o si\u0119 punktem spotka\u0144 okolicznych mieszka\u0144c\u00f3w i podr\u00f3\u017cnych, kt\u00f3rzy przybywali tu w poszukiwaniu kanapek z szynk\u0105, ma\u0142ych da\u0144 i [&hellip;]<\/p>\n","protected":false},"author":2,"featured_media":0,"parent":0,"menu_order":0,"comment_status":"closed","ping_status":"closed","template":"elementor_header_footer","meta":{"footnotes":""},"class_list":["post-1796","page","type-page","status-publish","hentry"],"yoast_head":"<!-- This site is optimized with the Yoast SEO plugin v25.6 - https:\/\/yoast.com\/wordpress\/plugins\/seo\/ -->\n<title>Home POL - La Jabata<\/title>\n<meta name=\"robots\" content=\"index, follow, max-snippet:-1, max-image-preview:large, max-video-preview:-1\" \/>\n<link rel=\"canonical\" href=\"https:\/\/lajabata.com\/pl\/home-pol\/\" \/>\n<meta property=\"og:locale\" content=\"pl_PL\" \/>\n<meta property=\"og:type\" content=\"article\" \/>\n<meta property=\"og:title\" content=\"Home POL - La Jabata\" \/>\n<meta property=\"og:description\" content=\"LA JABATA JE\u015a\u0106 PI\u0106 U\u015aMIECHA\u0106&nbsp;SI\u0118 ADRES Ronda Sant Pau, 15Barcelona KONTAKT 93 683 79 55 reservas@lajabata.com O Jabacie W sercu Paral\u00b7lel, w kultowym lokalu miasta Barcelona, powstaje La Jabata. Dawniej G\u00e9minis, a p\u00f3\u017aniej Jabal\u00ed, miejsce to sta\u0142o si\u0119 punktem spotka\u0144 okolicznych mieszka\u0144c\u00f3w i podr\u00f3\u017cnych, kt\u00f3rzy przybywali tu w poszukiwaniu kanapek z szynk\u0105, ma\u0142ych da\u0144 i [&hellip;]\" \/>\n<meta property=\"og:url\" content=\"https:\/\/lajabata.com\/pl\/home-pol\/\" \/>\n<meta property=\"og:site_name\" content=\"La Jabata\" \/>\n<meta name=\"twitter:card\" content=\"summary_large_image\" \/>\n<meta name=\"twitter:label1\" content=\"Szacowany czas czytania\" \/>\n\t<meta name=\"twitter:data1\" content=\"1 minuta\" \/>\n<script type=\"application\/ld+json\" class=\"yoast-schema-graph\">{\"@context\":\"https:\/\/schema.org\",\"@graph\":[{\"@type\":\"WebPage\",\"@id\":\"https:\/\/lajabata.com\/pl\/home-pol\/\",\"url\":\"https:\/\/lajabata.com\/pl\/home-pol\/\",\"name\":\"Home POL - La Jabata\",\"isPartOf\":{\"@id\":\"https:\/\/lajabata.com\/#website\"},\"datePublished\":\"2025-04-29T14:02:58+00:00\",\"breadcrumb\":{\"@id\":\"https:\/\/lajabata.com\/pl\/home-pol\/#breadcrumb\"},\"inLanguage\":\"pl-PL\",\"potentialAction\":[{\"@type\":\"ReadAction\",\"target\":[\"https:\/\/lajabata.com\/pl\/home-pol\/\"]}]},{\"@type\":\"BreadcrumbList\",\"@id\":\"https:\/\/lajabata.com\/pl\/home-pol\/#breadcrumb\",\"itemListElement\":[{\"@type\":\"ListItem\",\"position\":1,\"name\":\"Portada\",\"item\":\"https:\/\/lajabata.com\/pl\/home-pol\/\"},{\"@type\":\"ListItem\",\"position\":2,\"name\":\"Home POL\"}]},{\"@type\":\"WebSite\",\"@id\":\"https:\/\/lajabata.com\/#website\",\"url\":\"https:\/\/lajabata.com\/\",\"name\":\"La Jabata\",\"description\":\"\",\"publisher\":{\"@id\":\"https:\/\/lajabata.com\/#organization\"},\"potentialAction\":[{\"@type\":\"SearchAction\",\"target\":{\"@type\":\"EntryPoint\",\"urlTemplate\":\"https:\/\/lajabata.com\/?s={search_term_string}\"},\"query-input\":{\"@type\":\"PropertyValueSpecification\",\"valueRequired\":true,\"valueName\":\"search_term_string\"}}],\"inLanguage\":\"pl-PL\"},{\"@type\":\"Organization\",\"@id\":\"https:\/\/lajabata.com\/#organization\",\"name\":\"La Jabata\",\"url\":\"https:\/\/lajabata.com\/\",\"logo\":{\"@type\":\"ImageObject\",\"inLanguage\":\"pl-PL\",\"@id\":\"https:\/\/lajabata.com\/#\/schema\/logo\/image\/\",\"url\":\"https:\/\/lajabata.com\/wp-content\/uploads\/2021\/09\/la-jabata-logo_h.png\",\"contentUrl\":\"https:\/\/lajabata.com\/wp-content\/uploads\/2021\/09\/la-jabata-logo_h.png\",\"width\":1000,\"height\":252,\"caption\":\"La Jabata\"},\"image\":{\"@id\":\"https:\/\/lajabata.com\/#\/schema\/logo\/image\/\"},\"sameAs\":[\"https:\/\/www.instagram.com\/lajabatabcn\/\"]}]}<\/script>\n<!-- \/ Yoast SEO plugin. -->","yoast_head_json":{"title":"Home POL - La Jabata","robots":{"index":"index","follow":"follow","max-snippet":"max-snippet:-1","max-image-preview":"max-image-preview:large","max-video-preview":"max-video-preview:-1"},"canonical":"https:\/\/lajabata.com\/pl\/home-pol\/","og_locale":"pl_PL","og_type":"article","og_title":"Home POL - La Jabata","og_description":"LA JABATA JE\u015a\u0106 PI\u0106 U\u015aMIECHA\u0106&nbsp;SI\u0118 ADRES Ronda Sant Pau, 15Barcelona KONTAKT 93 683 79 55 reservas@lajabata.com O Jabacie W sercu Paral\u00b7lel, w kultowym lokalu miasta Barcelona, powstaje La Jabata. Dawniej G\u00e9minis, a p\u00f3\u017aniej Jabal\u00ed, miejsce to sta\u0142o si\u0119 punktem spotka\u0144 okolicznych mieszka\u0144c\u00f3w i podr\u00f3\u017cnych, kt\u00f3rzy przybywali tu w poszukiwaniu kanapek z szynk\u0105, ma\u0142ych da\u0144 i [&hellip;]","og_url":"https:\/\/lajabata.com\/pl\/home-pol\/","og_site_name":"La Jabata","twitter_card":"summary_large_image","twitter_misc":{"Szacowany czas czytania":"1 minuta"},"schema":{"@context":"https:\/\/schema.org","@graph":[{"@type":"WebPage","@id":"https:\/\/lajabata.com\/pl\/home-pol\/","url":"https:\/\/lajabata.com\/pl\/home-pol\/","name":"Home POL - La Jabata","isPartOf":{"@id":"https:\/\/lajabata.com\/#website"},"datePublished":"2025-04-29T14:02:58+00:00","breadcrumb":{"@id":"https:\/\/lajabata.com\/pl\/home-pol\/#breadcrumb"},"inLanguage":"pl-PL","potentialAction":[{"@type":"ReadAction","target":["https:\/\/lajabata.com\/pl\/home-pol\/"]}]},{"@type":"BreadcrumbList","@id":"https:\/\/lajabata.com\/pl\/home-pol\/#breadcrumb","itemListElement":[{"@type":"ListItem","position":1,"name":"Portada","item":"https:\/\/lajabata.com\/pl\/home-pol\/"},{"@type":"ListItem","position":2,"name":"Home POL"}]},{"@type":"WebSite","@id":"https:\/\/lajabata.com\/#website","url":"https:\/\/lajabata.com\/","name":"La Jabata","description":"","publisher":{"@id":"https:\/\/lajabata.com\/#organization"},"potentialAction":[{"@type":"SearchAction","target":{"@type":"EntryPoint","urlTemplate":"https:\/\/lajabata.com\/?s={search_term_string}"},"query-input":{"@type":"PropertyValueSpecification","valueRequired":true,"valueName":"search_term_string"}}],"inLanguage":"pl-PL"},{"@type":"Organization","@id":"https:\/\/lajabata.com\/#organization","name":"La Jabata","url":"https:\/\/lajabata.com\/","logo":{"@type":"ImageObject","inLanguage":"pl-PL","@id":"https:\/\/lajabata.com\/#\/schema\/logo\/image\/","url":"https:\/\/lajabata.com\/wp-content\/uploads\/2021\/09\/la-jabata-logo_h.png","contentUrl":"https:\/\/lajabata.com\/wp-content\/uploads\/2021\/09\/la-jabata-logo_h.png","width":1000,"height":252,"caption":"La Jabata"},"image":{"@id":"https:\/\/lajabata.com\/#\/schema\/logo\/image\/"},"sameAs":["https:\/\/www.instagram.com\/lajabatabcn\/"]}]}},"_links":{"self":[{"href":"https:\/\/lajabata.com\/pl\/wp-json\/wp\/v2\/pages\/1796","targetHints":{"allow":["GET"]}}],"collection":[{"href":"https:\/\/lajabata.com\/pl\/wp-json\/wp\/v2\/pages"}],"about":[{"href":"https:\/\/lajabata.com\/pl\/wp-json\/wp\/v2\/types\/page"}],"author":[{"embeddable":true,"href":"https:\/\/lajabata.com\/pl\/wp-json\/wp\/v2\/users\/2"}],"replies":[{"embeddable":true,"href":"https:\/\/lajabata.com\/pl\/wp-json\/wp\/v2\/comments?post=1796"}],"version-history":[{"count":1,"href":"https:\/\/lajabata.com\/pl\/wp-json\/wp\/v2\/pages\/1796\/revisions"}],"predecessor-version":[{"id":1801,"href":"https:\/\/lajabata.com\/pl\/wp-json\/wp\/v2\/pages\/1796\/revisions\/1801"}],"wp:attachment":[{"href":"https:\/\/lajabata.com\/pl\/wp-json\/wp\/v2\/media?parent=1796"}],"curies":[{"name":"wp","href":"https:\/\/api.w.org\/{rel}","templated":true}]}}