{"id":1822,"date":"2025-04-29T16:22:11","date_gmt":"2025-04-29T14:22:11","guid":{"rendered":"https:\/\/lajabata.com\/polityka-prywatnosci\/"},"modified":"2025-04-29T16:22:12","modified_gmt":"2025-04-29T14:22:12","slug":"polityka-prywatnosci","status":"publish","type":"page","link":"https:\/\/lajabata.com\/pl\/polityka-prywatnosci\/","title":{"rendered":"Polityka prywatno\u015bci"},"content":{"rendered":"\n<h3 class=\"wp-block-heading\">I. POLITYKA PRYWATNO\u015aCI I OCHRONY DANYCH<\/h3>\n\n<p>Przestrzegaj\u0105c przepis\u00f3w obowi\u0105zuj\u0105cego prawa, La Jabata (dalej r\u00f3wnie\u017c Strona internetowa) zobowi\u0105zuje si\u0119 do przyj\u0119cia niezb\u0119dnych \u015brodk\u00f3w technicznych i organizacyjnych, zgodnie z poziomem bezpiecze\u0144stwa odpowiednim do ryzyka gromadzonych danych.<\/p>\n\n<h4 class=\"wp-block-heading\">Przepisy w\u0142\u0105czone do niniejszej polityki prywatno\u015bci<\/h4>\n\n<p>Niniejsza polityka prywatno\u015bci jest dostosowana do aktualnych hiszpa\u0144skich i europejskich przepis\u00f3w dotycz\u0105cych ochrony danych osobowych w Internecie. W szczeg\u00f3lno\u015bci przestrzega nast\u0119puj\u0105cych zasad: <\/p>\n\n<ul class=\"wp-block-list\"><li>Rozporz\u0105dzenie Parlamentu Europejskiego i Rady (UE) 2016\/679 z dnia 27 kwietnia 2016 r. w sprawie ochrony os\u00f3b fizycznych w zwi\u0105zku z przetwarzaniem danych osobowych i w sprawie swobodnego przep\u0142ywu takich danych (RODO).<\/li><li>Ustawa organiczna 3\/2018 z dnia 5 grudnia o ochronie danych osobowych i gwarancji praw cyfrowych (LOPD-GDD).<\/li><li>Dekret kr\u00f3lewski 1720\/2007 z dnia 21 grudnia zatwierdzaj\u0105cy rozporz\u0105dzenie wykonawcze do ustawy organicznej 15\/1999 z dnia 13 grudnia o ochronie danych osobowych (RDLOPD).<\/li><li>Ustawa 34\/2002 z dnia 11 lipca o us\u0142ugach spo\u0142ecze\u0144stwa informacyjnego i handlu elektronicznym (LSSI-CE).<\/li><\/ul>\n\n<h4 class=\"wp-block-heading\">To\u017csamo\u015b\u0107 administratora przetwarzaj\u0105cego dane osobowe<\/h4>\n\n<p>Adres: Ronda Sant Pau 15 08015 BARCELONA<\/p>\n\n<p>Numer telefonu kontaktowego: 936 837 955<\/p>\n\n<p>Kontaktowy adres e-mail: lajabatabcn@gmail.com<\/p>\n\n<h4 class=\"wp-block-heading\">Rejestr danych osobowych<\/h4>\n\n<p>Zgodnie z przepisami RGPD i LOPD-GDD informujemy, \u017ce dane osobowe zebrane przez La Jabata za po\u015brednictwem formularzy udost\u0119pnionych na jej stronach zostan\u0105 w\u0142\u0105czone i przetworzone w naszym pliku w celu u\u0142atwienia, przyspieszenia i wype\u0142nienia zobowi\u0105za\u0144 ustanowionych mi\u0119dzy La Jabata a u\u017cytkownikiem lub utrzymania relacji ustanowionych w formularzach, kt\u00f3re u\u017cytkownik wype\u0142nia, lub w celu udzielenia odpowiedzi na wniosek lub zapytanie z tego samego. Podobnie, zgodnie z przepisami RGPD i LOPD-GDD, o ile nie ma zastosowania wyj\u0105tek przewidziany w art. 30 ust. 5 RGPD, prowadzony jest rejestr czynno\u015bci przetwarzania, kt\u00f3ry okre\u015bla, zgodnie z celami, przeprowadzone czynno\u015bci przetwarzania i inne okoliczno\u015bci okre\u015blone w RGPD. <\/p>\n\n<h4 class=\"wp-block-heading\">Zasady maj\u0105ce zastosowanie do przetwarzania danych osobowych<\/h4>\n\n<p>Przetwarzanie danych osobowych U\u017cytkownika podlega nast\u0119puj\u0105cym zasadom okre\u015blonym w art. 5 RODO oraz w art. 4 i nast\u0119pnych ustawy organicznej 3\/2018 z dnia 5 grudnia o ochronie danych osobowych i gwarancji praw cyfrowych:<\/p>\n\n<ul class=\"wp-block-list\"><li>Zasada zgodno\u015bci z prawem, uczciwo\u015bci i przejrzysto\u015bci: zgoda U\u017cytkownika jest wymagana zawsze po uzyskaniu pe\u0142nych i przejrzystych informacji na temat cel\u00f3w, dla kt\u00f3rych dane osobowe s\u0105 gromadzone.<\/li><li>Zasada ograniczenia celu: dane osobowe b\u0119d\u0105 gromadzone w okre\u015blonych, wyra\u017anych i zgodnych z prawem celach.<\/li><li>Zasada minimalizacji danych: gromadzone dane osobowe to tylko te, kt\u00f3re s\u0105 absolutnie niezb\u0119dne do cel\u00f3w, dla kt\u00f3rych s\u0105 przetwarzane.<\/li><li>Zasada dok\u0142adno\u015bci: dane osobowe musz\u0105 by\u0107 dok\u0142adne i zawsze aktualne.<\/li><li>Zasada ograniczenia okresu przechowywania: dane osobowe b\u0119d\u0105 przechowywane wy\u0142\u0105cznie w formie umo\u017cliwiaj\u0105cej identyfikacj\u0119 U\u017cytkownika przez okres niezb\u0119dny do cel\u00f3w ich przetwarzania.<\/li><li>Zasada integralno\u015bci i poufno\u015bci: dane osobowe s\u0105 przetwarzane w spos\u00f3b zapewniaj\u0105cy ich bezpiecze\u0144stwo i poufno\u015b\u0107.<\/li><li>Zasada proaktywnej odpowiedzialno\u015bci: Administrator jest odpowiedzialny za zapewnienie przestrzegania powy\u017cszych zasad.<\/li><\/ul>\n\n<h4 class=\"wp-block-heading\">Kategorie danych osobowych<\/h4>\n\n<p>Kategorie danych przetwarzanych przez La Jabata to wy\u0142\u0105cznie dane identyfikacyjne. W \u017cadnym wypadku nie s\u0105 przetwarzane szczeg\u00f3lne kategorie danych osobowych w rozumieniu art. 9 RODO. <\/p>\n\n<h4 class=\"wp-block-heading\">Podstawa prawna przetwarzania danych osobowych<\/h4>\n\n<p>Podstaw\u0105 prawn\u0105 przetwarzania danych osobowych jest zgoda. La Jabata zobowi\u0105zuje si\u0119 do uzyskania wyra\u017anej i mo\u017cliwej do zweryfikowania zgody U\u017cytkownika na przetwarzanie jego danych osobowych w jednym lub wi\u0119kszej liczbie okre\u015blonych cel\u00f3w. <\/p>\n\n<p>U\u017cytkownik ma prawo do wycofania zgody w dowolnym momencie. Wycofanie zgody b\u0119dzie r\u00f3wnie \u0142atwe, jak jej udzielenie. Co do zasady wycofanie zgody nie warunkuje korzystania z Witryny.  <\/p>\n\n<p>W przypadkach, w kt\u00f3rych U\u017cytkownik musi lub mo\u017ce poda\u0107 swoje dane za po\u015brednictwem formularzy w celu z\u0142o\u017cenia zapytania, za\u017c\u0105dania informacji lub z powod\u00f3w zwi\u0105zanych z tre\u015bci\u0105 Witryny, zostanie on poinformowany w przypadku, gdy wype\u0142nienie kt\u00f3regokolwiek z nich jest obowi\u0105zkowe ze wzgl\u0119du na fakt, \u017ce s\u0105 one niezb\u0119dne do prawid\u0142owego rozwoju przeprowadzanej operacji.<\/p>\n\n<h4 class=\"wp-block-heading\">Cele przetwarzania, do kt\u00f3rych wykorzystywane s\u0105 dane osobowe<\/h4>\n\n<p>Dane osobowe s\u0105 gromadzone i zarz\u0105dzane przez La Jabata w celu u\u0142atwienia, przyspieszenia i wype\u0142nienia zobowi\u0105za\u0144 ustanowionych mi\u0119dzy Stron\u0105 a U\u017cytkownikiem lub w celu utrzymania relacji ustanowionej w formularzach wype\u0142nionych przez U\u017cytkownika lub w celu rozpatrzenia wniosku lub zapytania.<\/p>\n\n<p>Podobnie, dane mog\u0105 by\u0107 wykorzystywane do cel\u00f3w handlowych, personalizacyjnych, operacyjnych i statystycznych oraz do dzia\u0142a\u0144 zwi\u0105zanych z celem korporacyjnym La Jabata, a tak\u017ce do pozyskiwania i przechowywania danych oraz bada\u0144 marketingowych w celu dostosowania Tre\u015bci oferowanych U\u017cytkownikowi oraz poprawy jako\u015bci, dzia\u0142ania i nawigacji Witryny.<\/p>\n\n<p>W momencie gromadzenia danych osobowych U\u017cytkownik zostanie poinformowany o konkretnych celach przetwarzania, do kt\u00f3rych dane osobowe b\u0119d\u0105 wykorzystywane, tj. o sposobach wykorzystania zgromadzonych informacji.<\/p>\n\n<h4 class=\"wp-block-heading\">Okresy przechowywania danych osobowych<\/h4>\n\n<p>Dane osobowe b\u0119d\u0105 przechowywane wy\u0142\u0105cznie przez minimalny okres niezb\u0119dny do cel\u00f3w ich przetwarzania, a w ka\u017cdym razie wy\u0142\u0105cznie przez nast\u0119puj\u0105cy okres: , lub do momentu, w kt\u00f3rym U\u017cytkownik za\u017c\u0105da ich usuni\u0119cia.<\/p>\n\n<p>W momencie uzyskania danych osobowych U\u017cytkownik zostanie poinformowany o okresie, przez kt\u00f3ry dane osobowe b\u0119d\u0105 przechowywane lub, je\u015bli nie jest to mo\u017cliwe, o kryteriach stosowanych do okre\u015blenia tego okresu.<\/p>\n\n<h4 class=\"wp-block-heading\">Odbiorcy danych osobowych<\/h4>\n\n<p>Dane osobowe U\u017cytkownika nie b\u0119d\u0105 udost\u0119pniane osobom trzecim.<\/p>\n\n<p>W ka\u017cdym przypadku, w momencie gromadzenia danych osobowych, U\u017cytkownik zostanie poinformowany o odbiorcach lub kategoriach odbiorc\u00f3w danych osobowych.<\/p>\n\n<h4 class=\"wp-block-heading\">Dane osobowe ma\u0142oletnich<\/h4>\n\n<p>Zgodnie z postanowieniami art. 8 RODO i art. 7 ustawy organicznej 3\/2018 z dnia 5 grudnia o ochronie danych osobowych i gwarancji praw cyfrowych, tylko osoby powy\u017cej 14 roku \u017cycia mog\u0105 wyrazi\u0107 zgod\u0119 na przetwarzanie ich danych osobowych w spos\u00f3b zgodny z prawem przez La Jabata. W przypadku dziecka w wieku poni\u017cej 14 lat do przetwarzania wymagana jest zgoda rodzic\u00f3w lub opiekun\u00f3w, a przetwarzanie b\u0119dzie uznawane za zgodne z prawem tylko w zakresie, w jakim wyrazili na to zgod\u0119. <\/p>\n\n<h4 class=\"wp-block-heading\">Tajno\u015b\u0107 i bezpiecze\u0144stwo danych osobowych<\/h4>\n\n<p>La Jabata zobowi\u0105zuje si\u0119 do przyj\u0119cia niezb\u0119dnych \u015brodk\u00f3w technicznych i organizacyjnych, zgodnie z poziomem bezpiecze\u0144stwa odpowiednim do ryzyka gromadzonych danych, aby zapewni\u0107 bezpiecze\u0144stwo danych osobowych i zapobiec przypadkowemu lub niezgodnemu z prawem zniszczeniu, utracie lub zmianie danych osobowych przesy\u0142anych, przechowywanych lub przetwarzanych w inny spos\u00f3b, lub nieuprawnionemu przekazaniu lub dost\u0119powi do takich danych.<\/p>\n\n<p>Witryna posiada certyfikat SSL (Secure Socket Layer), kt\u00f3ry zapewnia bezpieczne i poufne przesy\u0142anie danych osobowych, poniewa\u017c transmisja danych mi\u0119dzy serwerem a U\u017cytkownikiem jest w pe\u0142ni zaszyfrowana lub zakodowana.<\/p>\n\n<p>Poniewa\u017c jednak La Jabata nie mo\u017ce zagwarantowa\u0107 nieprzenikalno\u015bci Internetu ani ca\u0142kowitego braku haker\u00f3w lub innych os\u00f3b, kt\u00f3re w nieuczciwy spos\u00f3b uzyskuj\u0105 dost\u0119p do danych osobowych, Administrator Danych zobowi\u0105zuje si\u0119 powiadomi\u0107 U\u017cytkownika bez zb\u0119dnej zw\u0142oki o naruszeniu bezpiecze\u0144stwa danych osobowych, kt\u00f3re mo\u017ce stanowi\u0107 wysokie ryzyko dla praw i wolno\u015bci os\u00f3b fizycznych. Zgodnie z art. 4 RODO naruszenie bezpiecze\u0144stwa danych osobowych oznacza jakiekolwiek naruszenie bezpiecze\u0144stwa skutkuj\u0105ce przypadkowym lub niezgodnym z prawem zniszczeniem, utrat\u0105 lub zmian\u0105 przekazywanych, przechowywanych lub w inny spos\u00f3b przetwarzanych danych osobowych lub nieuprawnionym ujawnieniem takich danych lub dost\u0119pem do nich. <\/p>\n\n<p>Dane osobowe b\u0119d\u0105 traktowane jako poufne przez Administratora Danych, kt\u00f3ry zobowi\u0105zuje si\u0119 do poinformowania i zapewnienia za pomoc\u0105 zobowi\u0105zania prawnego lub umownego, \u017ce taka poufno\u015b\u0107 jest przestrzegana przez jego pracownik\u00f3w, partner\u00f3w i wszelkie inne osoby, kt\u00f3rym udost\u0119pnia informacje.<\/p>\n\n<h4 class=\"wp-block-heading\">Prawa wynikaj\u0105ce z przetwarzania danych osobowych<\/h4>\n\n<p>U\u017cytkownik ma w stosunku do La Jabata i w zwi\u0105zku z tym mo\u017ce korzysta\u0107 wobec Administratora Danych z nast\u0119puj\u0105cych praw uznanych w RGPD i ustawie organicznej 3\/2018 z dnia 5 grudnia o ochronie danych osobowych i gwarancji praw cyfrowych:<\/p>\n\n<ul class=\"wp-block-list\"><li><em>Prawo dost\u0119pu:<\/em> Jest to prawo U\u017cytkownika do uzyskania potwierdzenia, czy La Jabata przetwarza jego dane osobowe, a je\u015bli tak, do uzyskania informacji o jego konkretnych danych osobowych i przetwarzaniu, kt\u00f3re La Jabata przeprowadzi\u0142a lub przeprowadza, a tak\u017ce, mi\u0119dzy innymi, dost\u0119pnych informacji o pochodzeniu tych danych i odbiorcach komunikacji dokonanej lub planowanej w odniesieniu do tych danych.<\/li><li><em>Prawo do sprostowania:<\/em> Jest to prawo U\u017cytkownika do poprawienia swoich danych osobowych, je\u015bli oka\u017c\u0105 si\u0119 one niedok\u0142adne lub, bior\u0105c pod uwag\u0119 cele przetwarzania, niekompletne.<\/li><li><em>Prawo do usuni\u0119cia danych (&#8222;prawo do bycia zapomnianym&#8221;):<\/em>  Jest to prawo u\u017cytkownika, o ile przepisy prawa nie stanowi\u0105 inaczej, do uzyskania usuni\u0119cia jego danych osobowych, gdy nie s\u0105 one ju\u017c potrzebne do cel\u00f3w, dla kt\u00f3rych zosta\u0142y zebrane lub przetworzone; u\u017cytkownik wycofa\u0142 swoj\u0105 zgod\u0119 na przetwarzanie i nie ma innej zgodnej z prawem podstawy przetwarzania; U\u017cytkownik sprzeciwia si\u0119 przetwarzaniu i nie ma innego uzasadnionego powodu do kontynuowania przetwarzania; dane osobowe by\u0142y przetwarzane niezgodnie z prawem; dane osobowe musz\u0105 zosta\u0107 usuni\u0119te zgodnie z obowi\u0105zkiem prawnym; lub dane osobowe zosta\u0142y uzyskane w wyniku bezpo\u015bredniej oferty us\u0142ug spo\u0142ecze\u0144stwa informacyjnego dla dziecka w wieku poni\u017cej 14 lat. Opr\u00f3cz usuni\u0119cia danych Administrator, bior\u0105c pod uwag\u0119 dost\u0119pn\u0105 technologi\u0119 i koszt jej wdro\u017cenia, podejmie rozs\u0105dne kroki w celu poinformowania administrator\u00f3w przetwarzaj\u0105cych dane osobowe o \u017c\u0105daniu osoby, kt\u00f3rej dane dotycz\u0105, usuni\u0119cia wszelkich powi\u0105za\u0144 z tymi danymi osobowymi. <\/li><li><em>Prawo do ograniczenia przetwarzania:<\/em> Jest to prawo U\u017cytkownika do ograniczenia przetwarzania jego danych osobowych. U\u017cytkownik ma prawo do uzyskania ograniczenia przetwarzania, gdy kwestionuje dok\u0142adno\u015b\u0107 swoich danych osobowych; przetwarzanie jest niezgodne z prawem; Administrator nie potrzebuje ju\u017c danych osobowych, ale u\u017cytkownik potrzebuje ich do dochodzenia roszcze\u0144; oraz gdy u\u017cytkownik sprzeciwi\u0142 si\u0119 przetwarzaniu. <\/li><li><em>Prawo do przenoszenia danych:<\/em> Je\u017celi przetwarzanie odbywa si\u0119 w spos\u00f3b zautomatyzowany, U\u017cytkownik ma prawo otrzyma\u0107 od Administratora swoje dane osobowe w ustrukturyzowanym, powszechnie u\u017cywanym formacie nadaj\u0105cym si\u0119 do odczytu maszynowego oraz przes\u0142a\u0107 je innemu administratorowi. Je\u017celi jest to technicznie wykonalne, Administrator przekazuje dane bezpo\u015brednio takiemu innemu administratorowi. <\/li><li><em>Prawo do sprzeciwu:<\/em> Jest to prawo U\u017cytkownika do nieprzetwarzania jego danych osobowych lub do zaprzestania przetwarzania takich danych przez La Jabata.<\/li><li><em>Prawo do niepodlegania decyzji opartej wy\u0142\u0105cznie na zautomatyzowanym przetwarzaniu, w tym profilowaniu<\/em>: Jest to prawo U\u017cytkownika do niepodlegania zindywidualizowanej decyzji opartej wy\u0142\u0105cznie na zautomatyzowanym przetwarzaniu jego danych osobowych, w tym profilowaniu, chyba \u017ce przepisy prawa stanowi\u0105 inaczej.<\/li><\/ul>\n\n<p>W zwi\u0105zku z tym U\u017cytkownik mo\u017ce wykonywa\u0107 swoje prawa w drodze pisemnej korespondencji skierowanej do Administratora Danych z podaniem numeru referencyjnego &#8222;RGPD-https:\/\/lajabata.com\/&#8221;:<\/p>\n\n<ul class=\"wp-block-list\"><li>Imi\u0119 i nazwisko U\u017cytkownika oraz kopia dowodu to\u017csamo\u015bci. W przypadkach, w kt\u00f3rych dozwolona jest reprezentacja, konieczne b\u0119dzie r\u00f3wnie\u017c zidentyfikowanie w ten sam spos\u00f3b osoby reprezentuj\u0105cej U\u017cytkownika, a tak\u017ce dokumentu potwierdzaj\u0105cego reprezentacj\u0119. Kserokopi\u0119 DNI mo\u017cna zast\u0105pi\u0107 dowolnym innym prawnie wa\u017cnym \u015brodkiem potwierdzaj\u0105cym to\u017csamo\u015b\u0107.  <\/li><li>Wniosek zawieraj\u0105cy konkretne powody z\u0142o\u017cenia wniosku lub uzyskania dost\u0119pu do informacji.<\/li><li>Adres do cel\u00f3w powiadomie\u0144.<\/li><li>Data i podpis wnioskodawcy.<\/li><li>Wszelkie dokumenty potwierdzaj\u0105ce sk\u0142adany wniosek.<\/li><\/ul>\n\n<p>Niniejszy wniosek i wszelkie za\u0142\u0105czone dokumenty mo\u017cna przes\u0142a\u0107 na nast\u0119puj\u0105cy adres i\/lub adres e-mail:<\/p>\n\n<p>Adres pocztowy: Ronda Sant Pau 15 08015 BARCELONA<\/p>\n\n<p>E-mail: lajabatabcn@gmail.com<\/p>\n\n<h4 class=\"wp-block-heading\">Linki do stron internetowych os\u00f3b trzecich<\/h4>\n\n<p>Witryna internetowa mo\u017ce zawiera\u0107 hiper\u0142\u0105cza lub linki, kt\u00f3re umo\u017cliwiaj\u0105 dost\u0119p do stron internetowych os\u00f3b trzecich innych ni\u017c La Jabata, a zatem nie s\u0105 obs\u0142ugiwane przez La Jabata. W\u0142a\u015bciciele takich stron internetowych b\u0119d\u0105 mieli w\u0142asne polityki ochrony danych, b\u0119d\u0105c w ka\u017cdym przypadku odpowiedzialnymi za w\u0142asne pliki i w\u0142asne praktyki w zakresie prywatno\u015bci. <\/p>\n\n<h4 class=\"wp-block-heading\">Skargi do organu nadzorczego<\/h4>\n\n<p>W przypadku, gdy U\u017cytkownik uzna, \u017ce istnieje problem lub naruszenie obowi\u0105zuj\u0105cych przepis\u00f3w w sposobie przetwarzania jego danych osobowych, ma on prawo do skutecznej ochrony s\u0105dowej i z\u0142o\u017cenia skargi do organu nadzorczego, w szczeg\u00f3lno\u015bci w pa\u0144stwie, w kt\u00f3rym ma miejsce zwyk\u0142ego pobytu, miejsce pracy lub miejsce domniemanego naruszenia. W przypadku Hiszpanii organem nadzorczym jest Hiszpa\u0144ska Agencja Ochrony Danych (http:\/\/www.agpd.es). <\/p>\n\n<h3 class=\"wp-block-heading\">II. AKCEPTACJA I ZMIANY NINIEJSZEJ POLITYKI PRYWATNO\u015aCI <\/h3>\n\n<p>Konieczne jest, aby U\u017cytkownik zapozna\u0142 si\u0119 z warunkami ochrony danych osobowych zawartymi w niniejszej Polityce Prywatno\u015bci i wyrazi\u0142 na nie zgod\u0119, a tak\u017ce zaakceptowa\u0142 przetwarzanie swoich danych osobowych, aby Administrator Danych m\u00f3g\u0142 post\u0119powa\u0107 w spos\u00f3b, w okresach i w celach wskazanych. Korzystanie z Serwisu oznacza akceptacj\u0119 Polityki Prywatno\u015bci Serwisu. <\/p>\n\n<p>La Jabata zastrzega sobie prawo do modyfikowania swojej Polityki Prywatno\u015bci zgodnie z w\u0142asnymi kryteriami lub motywowanymi zmianami legislacyjnymi, orzeczniczymi lub doktrynalnymi Hiszpa\u0144skiej Agencji Ochrony Danych. U\u017cytkownik nie zostanie wyra\u017anie powiadomiony o zmianach lub aktualizacjach niniejszej Polityki prywatno\u015bci. Zaleca si\u0119, aby u\u017cytkownik okresowo odwiedza\u0142 t\u0119 stron\u0119, aby by\u0107 na bie\u017c\u0105co z najnowszymi zmianami lub aktualizacjami.  <\/p>\n\n<p>Niniejsza Polityka prywatno\u015bci zosta\u0142a zaktualizowana w celu dostosowania do rozporz\u0105dzenia Parlamentu Europejskiego i Rady (UE) 2016\/679 z dnia 27 kwietnia 2016 r. w sprawie ochrony os\u00f3b fizycznych w zwi\u0105zku z przetwarzaniem danych osobowych i w sprawie swobodnego przep\u0142ywu takich danych (RODO) oraz do ustawy organicznej 3\/2018 z dnia 5 grudnia o ochronie danych osobowych i gwarancji praw cyfrowych.<\/p>\n\n<p>Ten dokument polityki prywatno\u015bci dla strony internetowej zosta\u0142 utworzony przy u\u017cyciu generatora <a href=\"https:\/\/legales.zimrre.com\/\">szablon\u00f3w polityki prywatno\u015bci<\/a> online w dniu 01\/07\/2021.<\/p>\n","protected":false},"excerpt":{"rendered":"<p>I. POLITYKA PRYWATNO\u015aCI I OCHRONY DANYCH Przestrzegaj\u0105c przepis\u00f3w obowi\u0105zuj\u0105cego prawa, La Jabata (dalej r\u00f3wnie\u017c Strona internetowa) zobowi\u0105zuje si\u0119 do przyj\u0119cia niezb\u0119dnych \u015brodk\u00f3w technicznych i organizacyjnych, zgodnie z poziomem bezpiecze\u0144stwa odpowiednim do ryzyka gromadzonych danych. Przepisy w\u0142\u0105czone do niniejszej polityki prywatno\u015bci Niniejsza polityka prywatno\u015bci jest dostosowana do aktualnych hiszpa\u0144skich i europejskich przepis\u00f3w dotycz\u0105cych ochrony danych osobowych [&hellip;]<\/p>\n","protected":false},"author":1,"featured_media":0,"parent":0,"menu_order":0,"comment_status":"closed","ping_status":"open","template":"","meta":{"footnotes":""},"class_list":["post-1822","page","type-page","status-publish","hentry"],"yoast_head":"<!-- This site is optimized with the Yoast SEO plugin v25.6 - https:\/\/yoast.com\/wordpress\/plugins\/seo\/ -->\n<title>Polityka prywatno\u015bci - La Jabata<\/title>\n<meta name=\"robots\" content=\"index, follow, max-snippet:-1, max-image-preview:large, max-video-preview:-1\" \/>\n<link rel=\"canonical\" href=\"https:\/\/lajabata.com\/pl\/polityka-prywatnosci\/\" \/>\n<meta property=\"og:locale\" content=\"pl_PL\" \/>\n<meta property=\"og:type\" content=\"article\" \/>\n<meta property=\"og:title\" content=\"Polityka prywatno\u015bci - La Jabata\" \/>\n<meta property=\"og:description\" content=\"I. POLITYKA PRYWATNO\u015aCI I OCHRONY DANYCH Przestrzegaj\u0105c przepis\u00f3w obowi\u0105zuj\u0105cego prawa, La Jabata (dalej r\u00f3wnie\u017c Strona internetowa) zobowi\u0105zuje si\u0119 do przyj\u0119cia niezb\u0119dnych \u015brodk\u00f3w technicznych i organizacyjnych, zgodnie z poziomem bezpiecze\u0144stwa odpowiednim do ryzyka gromadzonych danych. Przepisy w\u0142\u0105czone do niniejszej polityki prywatno\u015bci Niniejsza polityka prywatno\u015bci jest dostosowana do aktualnych hiszpa\u0144skich i europejskich przepis\u00f3w dotycz\u0105cych ochrony danych osobowych [&hellip;]\" \/>\n<meta property=\"og:url\" content=\"https:\/\/lajabata.com\/pl\/polityka-prywatnosci\/\" \/>\n<meta property=\"og:site_name\" content=\"La Jabata\" \/>\n<meta property=\"article:modified_time\" content=\"2025-04-29T14:22:12+00:00\" \/>\n<meta name=\"twitter:card\" content=\"summary_large_image\" \/>\n<meta name=\"twitter:label1\" content=\"Szacowany czas czytania\" \/>\n\t<meta name=\"twitter:data1\" content=\"11 minut\" \/>\n<script type=\"application\/ld+json\" class=\"yoast-schema-graph\">{\"@context\":\"https:\/\/schema.org\",\"@graph\":[{\"@type\":\"WebPage\",\"@id\":\"https:\/\/lajabata.com\/pl\/polityka-prywatnosci\/\",\"url\":\"https:\/\/lajabata.com\/pl\/polityka-prywatnosci\/\",\"name\":\"Polityka prywatno\u015bci - La Jabata\",\"isPartOf\":{\"@id\":\"https:\/\/lajabata.com\/#website\"},\"datePublished\":\"2025-04-29T14:22:11+00:00\",\"dateModified\":\"2025-04-29T14:22:12+00:00\",\"breadcrumb\":{\"@id\":\"https:\/\/lajabata.com\/pl\/polityka-prywatnosci\/#breadcrumb\"},\"inLanguage\":\"pl-PL\",\"potentialAction\":[{\"@type\":\"ReadAction\",\"target\":[\"https:\/\/lajabata.com\/pl\/polityka-prywatnosci\/\"]}]},{\"@type\":\"BreadcrumbList\",\"@id\":\"https:\/\/lajabata.com\/pl\/polityka-prywatnosci\/#breadcrumb\",\"itemListElement\":[{\"@type\":\"ListItem\",\"position\":1,\"name\":\"Portada\",\"item\":\"https:\/\/lajabata.com\/pl\/home-pol\/\"},{\"@type\":\"ListItem\",\"position\":2,\"name\":\"Polityka prywatno\u015bci\"}]},{\"@type\":\"WebSite\",\"@id\":\"https:\/\/lajabata.com\/#website\",\"url\":\"https:\/\/lajabata.com\/\",\"name\":\"La Jabata\",\"description\":\"\",\"publisher\":{\"@id\":\"https:\/\/lajabata.com\/#organization\"},\"potentialAction\":[{\"@type\":\"SearchAction\",\"target\":{\"@type\":\"EntryPoint\",\"urlTemplate\":\"https:\/\/lajabata.com\/?s={search_term_string}\"},\"query-input\":{\"@type\":\"PropertyValueSpecification\",\"valueRequired\":true,\"valueName\":\"search_term_string\"}}],\"inLanguage\":\"pl-PL\"},{\"@type\":\"Organization\",\"@id\":\"https:\/\/lajabata.com\/#organization\",\"name\":\"La Jabata\",\"url\":\"https:\/\/lajabata.com\/\",\"logo\":{\"@type\":\"ImageObject\",\"inLanguage\":\"pl-PL\",\"@id\":\"https:\/\/lajabata.com\/#\/schema\/logo\/image\/\",\"url\":\"https:\/\/lajabata.com\/wp-content\/uploads\/2021\/09\/la-jabata-logo_h.png\",\"contentUrl\":\"https:\/\/lajabata.com\/wp-content\/uploads\/2021\/09\/la-jabata-logo_h.png\",\"width\":1000,\"height\":252,\"caption\":\"La Jabata\"},\"image\":{\"@id\":\"https:\/\/lajabata.com\/#\/schema\/logo\/image\/\"},\"sameAs\":[\"https:\/\/www.instagram.com\/lajabatabcn\/\"]}]}<\/script>\n<!-- \/ Yoast SEO plugin. -->","yoast_head_json":{"title":"Polityka prywatno\u015bci - La Jabata","robots":{"index":"index","follow":"follow","max-snippet":"max-snippet:-1","max-image-preview":"max-image-preview:large","max-video-preview":"max-video-preview:-1"},"canonical":"https:\/\/lajabata.com\/pl\/polityka-prywatnosci\/","og_locale":"pl_PL","og_type":"article","og_title":"Polityka prywatno\u015bci - La Jabata","og_description":"I. POLITYKA PRYWATNO\u015aCI I OCHRONY DANYCH Przestrzegaj\u0105c przepis\u00f3w obowi\u0105zuj\u0105cego prawa, La Jabata (dalej r\u00f3wnie\u017c Strona internetowa) zobowi\u0105zuje si\u0119 do przyj\u0119cia niezb\u0119dnych \u015brodk\u00f3w technicznych i organizacyjnych, zgodnie z poziomem bezpiecze\u0144stwa odpowiednim do ryzyka gromadzonych danych. Przepisy w\u0142\u0105czone do niniejszej polityki prywatno\u015bci Niniejsza polityka prywatno\u015bci jest dostosowana do aktualnych hiszpa\u0144skich i europejskich przepis\u00f3w dotycz\u0105cych ochrony danych osobowych [&hellip;]","og_url":"https:\/\/lajabata.com\/pl\/polityka-prywatnosci\/","og_site_name":"La Jabata","article_modified_time":"2025-04-29T14:22:12+00:00","twitter_card":"summary_large_image","twitter_misc":{"Szacowany czas czytania":"11 minut"},"schema":{"@context":"https:\/\/schema.org","@graph":[{"@type":"WebPage","@id":"https:\/\/lajabata.com\/pl\/polityka-prywatnosci\/","url":"https:\/\/lajabata.com\/pl\/polityka-prywatnosci\/","name":"Polityka prywatno\u015bci - La Jabata","isPartOf":{"@id":"https:\/\/lajabata.com\/#website"},"datePublished":"2025-04-29T14:22:11+00:00","dateModified":"2025-04-29T14:22:12+00:00","breadcrumb":{"@id":"https:\/\/lajabata.com\/pl\/polityka-prywatnosci\/#breadcrumb"},"inLanguage":"pl-PL","potentialAction":[{"@type":"ReadAction","target":["https:\/\/lajabata.com\/pl\/polityka-prywatnosci\/"]}]},{"@type":"BreadcrumbList","@id":"https:\/\/lajabata.com\/pl\/polityka-prywatnosci\/#breadcrumb","itemListElement":[{"@type":"ListItem","position":1,"name":"Portada","item":"https:\/\/lajabata.com\/pl\/home-pol\/"},{"@type":"ListItem","position":2,"name":"Polityka prywatno\u015bci"}]},{"@type":"WebSite","@id":"https:\/\/lajabata.com\/#website","url":"https:\/\/lajabata.com\/","name":"La Jabata","description":"","publisher":{"@id":"https:\/\/lajabata.com\/#organization"},"potentialAction":[{"@type":"SearchAction","target":{"@type":"EntryPoint","urlTemplate":"https:\/\/lajabata.com\/?s={search_term_string}"},"query-input":{"@type":"PropertyValueSpecification","valueRequired":true,"valueName":"search_term_string"}}],"inLanguage":"pl-PL"},{"@type":"Organization","@id":"https:\/\/lajabata.com\/#organization","name":"La Jabata","url":"https:\/\/lajabata.com\/","logo":{"@type":"ImageObject","inLanguage":"pl-PL","@id":"https:\/\/lajabata.com\/#\/schema\/logo\/image\/","url":"https:\/\/lajabata.com\/wp-content\/uploads\/2021\/09\/la-jabata-logo_h.png","contentUrl":"https:\/\/lajabata.com\/wp-content\/uploads\/2021\/09\/la-jabata-logo_h.png","width":1000,"height":252,"caption":"La Jabata"},"image":{"@id":"https:\/\/lajabata.com\/#\/schema\/logo\/image\/"},"sameAs":["https:\/\/www.instagram.com\/lajabatabcn\/"]}]}},"_links":{"self":[{"href":"https:\/\/lajabata.com\/pl\/wp-json\/wp\/v2\/pages\/1822","targetHints":{"allow":["GET"]}}],"collection":[{"href":"https:\/\/lajabata.com\/pl\/wp-json\/wp\/v2\/pages"}],"about":[{"href":"https:\/\/lajabata.com\/pl\/wp-json\/wp\/v2\/types\/page"}],"author":[{"embeddable":true,"href":"https:\/\/lajabata.com\/pl\/wp-json\/wp\/v2\/users\/1"}],"replies":[{"embeddable":true,"href":"https:\/\/lajabata.com\/pl\/wp-json\/wp\/v2\/comments?post=1822"}],"version-history":[{"count":1,"href":"https:\/\/lajabata.com\/pl\/wp-json\/wp\/v2\/pages\/1822\/revisions"}],"predecessor-version":[{"id":1823,"href":"https:\/\/lajabata.com\/pl\/wp-json\/wp\/v2\/pages\/1822\/revisions\/1823"}],"wp:attachment":[{"href":"https:\/\/lajabata.com\/pl\/wp-json\/wp\/v2\/media?parent=1822"}],"curies":[{"name":"wp","href":"https:\/\/api.w.org\/{rel}","templated":true}]}}